{"id":2199,"date":"2026-02-27T14:42:59","date_gmt":"2026-02-27T14:42:59","guid":{"rendered":"https:\/\/rosalindmasson.com\/2199-2\/"},"modified":"2026-02-27T15:33:25","modified_gmt":"2026-02-27T15:33:25","slug":"2199-2","status":"publish","type":"page","link":"https:\/\/rosalindmasson.com\/de\/2199-2\/","title":{"rendered":""},"content":{"rendered":"<div class=\"wp-block-image\">\n<figure class=\"aligncenter size-full is-resized\"><img loading=\"lazy\" decoding=\"async\" width=\"827\" height=\"472\" src=\"https:\/\/rosalindmasson.com\/wp-content\/uploads\/2026\/02\/TTG-LOGO-schwarz.png\" alt=\"\" class=\"wp-image-2170\" style=\"aspect-ratio:1.7521374902841351;width:262px;height:auto\" srcset=\"https:\/\/rosalindmasson.com\/wp-content\/uploads\/2026\/02\/TTG-LOGO-schwarz.png 827w, https:\/\/rosalindmasson.com\/wp-content\/uploads\/2026\/02\/TTG-LOGO-schwarz-300x171.png 300w, https:\/\/rosalindmasson.com\/wp-content\/uploads\/2026\/02\/TTG-LOGO-schwarz-150x86.png 150w, https:\/\/rosalindmasson.com\/wp-content\/uploads\/2026\/02\/TTG-LOGO-schwarz-768x438.png 768w\" sizes=\"auto, (max-width: 827px) 100vw, 827px\" \/><\/figure>\n<\/div>\n<p>TanzRaumG\u00f6rlitz (TRG) ist ein Projekt, das von der unabh\u00e4ngigen Tanzk\u00fcnstlerin und Choreografin Rosalind Masson in Zusammenarbeit mit Florence Freitag und mit Unterst\u00fctzung von Katarzyna Plochoka Masow und Moss Beynon-Juckes geleitet wird, um die kulturelle Szene der Oberlausitz durch zeitgen\u00f6ssischen Tanz und verwandte Bewegungspraktiken zu bereichern. Unter der Schirmherrschaft der NCCA m\u00f6chte TRG R\u00e4ume f\u00fcr einen gelebten Dialog als Treffpunkt f\u00fcr K\u00fcnstler, Einzelpersonen und die vielf\u00e4ltige Gemeinschaft, die in der Region lebt und arbeitet, schaffen. TRG setzt sich daf\u00fcr ein, Tanz f\u00fcr alle zug\u00e4nglich zu machen, indem es Zugang zu hochwertigen Tanzworkshops, somatischen Praktiken und Kunstveranstaltungen bietet. TRG ist seit 2019 Teil des Neisse Centre for Contemporary Arts e.V. und Gastgeber der drei internationalen Festivals Tanztage G\u00f6rlitz 2020, 2021 und 2022. Eine Dokumentation der TanzTage G\u00f6rlitz 2020 finden Sie unten.<\/p>\n\n<figure class=\"wp-block-gallery has-nested-images columns-default is-cropped wp-block-gallery-1 is-layout-flex wp-block-gallery-is-layout-flex\">\n<figure class=\"wp-block-image size-large\"><img loading=\"lazy\" decoding=\"async\" width=\"1024\" height=\"683\" data-id=\"2221\" src=\"https:\/\/rosalindmasson.com\/wp-content\/uploads\/2026\/02\/IMG_2022-1024x683.jpg\" alt=\"\" class=\"wp-image-2221\" srcset=\"https:\/\/rosalindmasson.com\/wp-content\/uploads\/2026\/02\/IMG_2022-1024x683.jpg 1024w, https:\/\/rosalindmasson.com\/wp-content\/uploads\/2026\/02\/IMG_2022-300x200.jpg 300w, https:\/\/rosalindmasson.com\/wp-content\/uploads\/2026\/02\/IMG_2022-150x100.jpg 150w, https:\/\/rosalindmasson.com\/wp-content\/uploads\/2026\/02\/IMG_2022-768x512.jpg 768w, https:\/\/rosalindmasson.com\/wp-content\/uploads\/2026\/02\/IMG_2022-1536x1024.jpg 1536w, https:\/\/rosalindmasson.com\/wp-content\/uploads\/2026\/02\/IMG_2022-2048x1365.jpg 2048w, https:\/\/rosalindmasson.com\/wp-content\/uploads\/2026\/02\/IMG_2022-930x620.jpg 930w\" sizes=\"auto, (max-width: 1024px) 100vw, 1024px\" \/><\/figure>\n\n\n\n<figure class=\"wp-block-image size-large\"><img decoding=\"async\" data-id=\"2233\" src=\"https:\/\/rosalindmasson.com\/wp-content\/uploads\/2026\/02\/rhizome_kalbarczyk-5A&#xA9;Alicja-Hoppel-683x1024.jpg\" alt=\"\" class=\"wp-image-2233\"\/><\/figure>\n\n\n\n<figure class=\"wp-block-image size-large\"><img decoding=\"async\" data-id=\"2231\" src=\"https:\/\/rosalindmasson.com\/wp-content\/uploads\/2026\/02\/rhizome_kalbarczyk4A&#xA9;Alicja-Hoppel-1024x580.jpg\" alt=\"\" class=\"wp-image-2231\"\/><\/figure>\n\n\n\n<figure class=\"wp-block-image size-large\"><img loading=\"lazy\" decoding=\"async\" width=\"1024\" height=\"683\" data-id=\"2203\" src=\"https:\/\/rosalindmasson.com\/wp-content\/uploads\/2026\/02\/Stiller-Tanz-1-von-40xlarge.1599250681-1024x683.jpg\" alt=\"\" class=\"wp-image-2203\" srcset=\"https:\/\/rosalindmasson.com\/wp-content\/uploads\/2026\/02\/Stiller-Tanz-1-von-40xlarge.1599250681-1024x683.jpg 1024w, https:\/\/rosalindmasson.com\/wp-content\/uploads\/2026\/02\/Stiller-Tanz-1-von-40xlarge.1599250681-300x200.jpg 300w, https:\/\/rosalindmasson.com\/wp-content\/uploads\/2026\/02\/Stiller-Tanz-1-von-40xlarge.1599250681-150x100.jpg 150w, https:\/\/rosalindmasson.com\/wp-content\/uploads\/2026\/02\/Stiller-Tanz-1-von-40xlarge.1599250681-768x512.jpg 768w, https:\/\/rosalindmasson.com\/wp-content\/uploads\/2026\/02\/Stiller-Tanz-1-von-40xlarge.1599250681-930x620.jpg 930w, https:\/\/rosalindmasson.com\/wp-content\/uploads\/2026\/02\/Stiller-Tanz-1-von-40xlarge.1599250681.jpg 1200w\" sizes=\"auto, (max-width: 1024px) 100vw, 1024px\" \/><\/figure>\n\n\n\n<figure class=\"wp-block-image size-large\"><img decoding=\"async\" data-id=\"2213\" src=\"https:\/\/rosalindmasson.com\/wp-content\/uploads\/2026\/02\/2020-TanzTage-10-&#x2013;-Foto-STEVE-NAUKE-682x1024.jpg\" alt=\"\" class=\"wp-image-2213\"\/><\/figure>\n\n\n\n<figure class=\"wp-block-image size-large\"><img loading=\"lazy\" decoding=\"async\" width=\"1024\" height=\"683\" data-id=\"2217\" src=\"https:\/\/rosalindmasson.com\/wp-content\/uploads\/2026\/02\/IMG_2009-1024x683.jpg\" alt=\"\" class=\"wp-image-2217\" srcset=\"https:\/\/rosalindmasson.com\/wp-content\/uploads\/2026\/02\/IMG_2009-1024x683.jpg 1024w, https:\/\/rosalindmasson.com\/wp-content\/uploads\/2026\/02\/IMG_2009-300x200.jpg 300w, https:\/\/rosalindmasson.com\/wp-content\/uploads\/2026\/02\/IMG_2009-150x100.jpg 150w, https:\/\/rosalindmasson.com\/wp-content\/uploads\/2026\/02\/IMG_2009-768x512.jpg 768w, https:\/\/rosalindmasson.com\/wp-content\/uploads\/2026\/02\/IMG_2009-1536x1024.jpg 1536w, https:\/\/rosalindmasson.com\/wp-content\/uploads\/2026\/02\/IMG_2009-2048x1365.jpg 2048w, https:\/\/rosalindmasson.com\/wp-content\/uploads\/2026\/02\/IMG_2009-930x620.jpg 930w\" sizes=\"auto, (max-width: 1024px) 100vw, 1024px\" \/><\/figure>\n\n\n\n<figure class=\"wp-block-image size-large\"><img decoding=\"async\" data-id=\"2207\" src=\"https:\/\/rosalindmasson.com\/wp-content\/uploads\/2026\/02\/2020-TanzTage-12-&#x2013;-Foto-STEVE-NAUKE-1024x682.jpg\" alt=\"\" class=\"wp-image-2207\"\/><\/figure>\n\n\n\n<figure class=\"wp-block-image size-large\"><img decoding=\"async\" data-id=\"2209\" src=\"https:\/\/rosalindmasson.com\/wp-content\/uploads\/2026\/02\/2020-TanzTage-14-&#x2013;-Foto-STEVE-NAUKE-1024x656.jpg\" alt=\"\" class=\"wp-image-2209\"\/><\/figure>\n\n\n\n<figure class=\"wp-block-image size-large\"><img decoding=\"async\" data-id=\"2211\" src=\"https:\/\/rosalindmasson.com\/wp-content\/uploads\/2026\/02\/2020-TanzTage-15-&#x2013;-Foto-STEVE-NAUKE-1024x637.jpg\" alt=\"\" class=\"wp-image-2211\"\/><\/figure>\n\n\n\n<figure class=\"wp-block-image size-large\"><img decoding=\"async\" data-id=\"2205\" src=\"https:\/\/rosalindmasson.com\/wp-content\/uploads\/2026\/02\/2020-TanzTage-21-&#x2013;-Foto-STEVE-NAUKE-1024x643.jpg\" alt=\"\" class=\"wp-image-2205\"\/><\/figure>\n\n\n\n<figure class=\"wp-block-image size-large\"><img loading=\"lazy\" decoding=\"async\" width=\"1024\" height=\"575\" data-id=\"2229\" src=\"https:\/\/rosalindmasson.com\/wp-content\/uploads\/2026\/02\/IMG_1969-1024x575.jpg\" alt=\"\" class=\"wp-image-2229\" srcset=\"https:\/\/rosalindmasson.com\/wp-content\/uploads\/2026\/02\/IMG_1969-1024x575.jpg 1024w, https:\/\/rosalindmasson.com\/wp-content\/uploads\/2026\/02\/IMG_1969-300x169.jpg 300w, https:\/\/rosalindmasson.com\/wp-content\/uploads\/2026\/02\/IMG_1969-150x84.jpg 150w, https:\/\/rosalindmasson.com\/wp-content\/uploads\/2026\/02\/IMG_1969-768x431.jpg 768w, https:\/\/rosalindmasson.com\/wp-content\/uploads\/2026\/02\/IMG_1969-1536x863.jpg 1536w, https:\/\/rosalindmasson.com\/wp-content\/uploads\/2026\/02\/IMG_1969-2048x1150.jpg 2048w\" sizes=\"auto, (max-width: 1024px) 100vw, 1024px\" \/><\/figure>\n\n\n\n<figure class=\"wp-block-image size-large\"><img loading=\"lazy\" decoding=\"async\" width=\"683\" height=\"1024\" data-id=\"2215\" src=\"https:\/\/rosalindmasson.com\/wp-content\/uploads\/2026\/02\/IMG_2004-683x1024.jpg\" alt=\"\" class=\"wp-image-2215\" srcset=\"https:\/\/rosalindmasson.com\/wp-content\/uploads\/2026\/02\/IMG_2004-683x1024.jpg 683w, https:\/\/rosalindmasson.com\/wp-content\/uploads\/2026\/02\/IMG_2004-200x300.jpg 200w, https:\/\/rosalindmasson.com\/wp-content\/uploads\/2026\/02\/IMG_2004-100x150.jpg 100w, https:\/\/rosalindmasson.com\/wp-content\/uploads\/2026\/02\/IMG_2004-768x1152.jpg 768w, https:\/\/rosalindmasson.com\/wp-content\/uploads\/2026\/02\/IMG_2004-1024x1536.jpg 1024w, https:\/\/rosalindmasson.com\/wp-content\/uploads\/2026\/02\/IMG_2004-1365x2048.jpg 1365w, https:\/\/rosalindmasson.com\/wp-content\/uploads\/2026\/02\/IMG_2004-scaled.jpg 1707w\" sizes=\"auto, (max-width: 683px) 100vw, 683px\" \/><\/figure>\n\n\n\n<figure class=\"wp-block-image size-large\"><img loading=\"lazy\" decoding=\"async\" width=\"1024\" height=\"683\" data-id=\"2219\" src=\"https:\/\/rosalindmasson.com\/wp-content\/uploads\/2026\/02\/IMG_2005-1024x683.jpg\" alt=\"\" class=\"wp-image-2219\" srcset=\"https:\/\/rosalindmasson.com\/wp-content\/uploads\/2026\/02\/IMG_2005-1024x683.jpg 1024w, https:\/\/rosalindmasson.com\/wp-content\/uploads\/2026\/02\/IMG_2005-300x200.jpg 300w, https:\/\/rosalindmasson.com\/wp-content\/uploads\/2026\/02\/IMG_2005-150x100.jpg 150w, https:\/\/rosalindmasson.com\/wp-content\/uploads\/2026\/02\/IMG_2005-768x512.jpg 768w, https:\/\/rosalindmasson.com\/wp-content\/uploads\/2026\/02\/IMG_2005-1536x1024.jpg 1536w, https:\/\/rosalindmasson.com\/wp-content\/uploads\/2026\/02\/IMG_2005-2048x1365.jpg 2048w, https:\/\/rosalindmasson.com\/wp-content\/uploads\/2026\/02\/IMG_2005-930x620.jpg 930w\" sizes=\"auto, (max-width: 1024px) 100vw, 1024px\" \/><\/figure>\n\n\n\n<figure class=\"wp-block-image size-large\"><img loading=\"lazy\" decoding=\"async\" width=\"1024\" height=\"683\" data-id=\"2225\" src=\"https:\/\/rosalindmasson.com\/wp-content\/uploads\/2026\/02\/IMG_2007-1024x683.jpg\" alt=\"\" class=\"wp-image-2225\" srcset=\"https:\/\/rosalindmasson.com\/wp-content\/uploads\/2026\/02\/IMG_2007-1024x683.jpg 1024w, https:\/\/rosalindmasson.com\/wp-content\/uploads\/2026\/02\/IMG_2007-300x200.jpg 300w, https:\/\/rosalindmasson.com\/wp-content\/uploads\/2026\/02\/IMG_2007-150x100.jpg 150w, https:\/\/rosalindmasson.com\/wp-content\/uploads\/2026\/02\/IMG_2007-768x512.jpg 768w, https:\/\/rosalindmasson.com\/wp-content\/uploads\/2026\/02\/IMG_2007-1536x1024.jpg 1536w, https:\/\/rosalindmasson.com\/wp-content\/uploads\/2026\/02\/IMG_2007-2048x1365.jpg 2048w, https:\/\/rosalindmasson.com\/wp-content\/uploads\/2026\/02\/IMG_2007-930x620.jpg 930w\" sizes=\"auto, (max-width: 1024px) 100vw, 1024px\" \/><\/figure>\n\n\n\n<figure class=\"wp-block-image size-large\"><img loading=\"lazy\" decoding=\"async\" width=\"1024\" height=\"683\" data-id=\"2227\" src=\"https:\/\/rosalindmasson.com\/wp-content\/uploads\/2026\/02\/IMG_2016-1024x683.jpg\" alt=\"\" class=\"wp-image-2227\" srcset=\"https:\/\/rosalindmasson.com\/wp-content\/uploads\/2026\/02\/IMG_2016-1024x683.jpg 1024w, https:\/\/rosalindmasson.com\/wp-content\/uploads\/2026\/02\/IMG_2016-300x200.jpg 300w, https:\/\/rosalindmasson.com\/wp-content\/uploads\/2026\/02\/IMG_2016-150x100.jpg 150w, https:\/\/rosalindmasson.com\/wp-content\/uploads\/2026\/02\/IMG_2016-768x512.jpg 768w, https:\/\/rosalindmasson.com\/wp-content\/uploads\/2026\/02\/IMG_2016-1536x1024.jpg 1536w, https:\/\/rosalindmasson.com\/wp-content\/uploads\/2026\/02\/IMG_2016-2048x1365.jpg 2048w, https:\/\/rosalindmasson.com\/wp-content\/uploads\/2026\/02\/IMG_2016-930x620.jpg 930w\" sizes=\"auto, (max-width: 1024px) 100vw, 1024px\" \/><\/figure>\n\n\n\n<figure class=\"wp-block-image size-large\"><img loading=\"lazy\" decoding=\"async\" width=\"1024\" height=\"683\" data-id=\"2223\" src=\"https:\/\/rosalindmasson.com\/wp-content\/uploads\/2026\/02\/IMG_2017-1024x683.jpg\" alt=\"\" class=\"wp-image-2223\" srcset=\"https:\/\/rosalindmasson.com\/wp-content\/uploads\/2026\/02\/IMG_2017-1024x683.jpg 1024w, https:\/\/rosalindmasson.com\/wp-content\/uploads\/2026\/02\/IMG_2017-300x200.jpg 300w, https:\/\/rosalindmasson.com\/wp-content\/uploads\/2026\/02\/IMG_2017-150x100.jpg 150w, https:\/\/rosalindmasson.com\/wp-content\/uploads\/2026\/02\/IMG_2017-768x512.jpg 768w, https:\/\/rosalindmasson.com\/wp-content\/uploads\/2026\/02\/IMG_2017-1536x1024.jpg 1536w, https:\/\/rosalindmasson.com\/wp-content\/uploads\/2026\/02\/IMG_2017-2048x1365.jpg 2048w, https:\/\/rosalindmasson.com\/wp-content\/uploads\/2026\/02\/IMG_2017-930x620.jpg 930w\" sizes=\"auto, (max-width: 1024px) 100vw, 1024px\" \/><\/figure>\n<\/figure>\n","protected":false},"excerpt":{"rendered":"<p>TanzRaumG\u00f6rlitz (TRG) ist ein Projekt, das von der unabh\u00e4ngigen Tanzk\u00fcnstlerin und Choreografin Rosalind Masson in Zusammenarbeit mit Florence Freitag und mit Unterst\u00fctzung von Katarzyna Plochoka Masow und Moss Beynon-Juckes geleitet wird, um die kulturelle Szene der Oberlausitz durch zeitgen\u00f6ssischen Tanz und verwandte Bewegungspraktiken zu bereichern. Unter der Schirmherrschaft der NCCA m\u00f6chte TRG R\u00e4ume f\u00fcr einen&hellip;&nbsp;<a href=\"https:\/\/rosalindmasson.com\/de\/2199-2\/\" rel=\"bookmark\">Weiterlesen &raquo;<span class=\"screen-reader-text\"><\/span><\/a><\/p>\n","protected":false},"author":1,"featured_media":0,"parent":0,"menu_order":0,"comment_status":"closed","ping_status":"closed","template":"","meta":{"neve_meta_sidebar":"","neve_meta_container":"","neve_meta_enable_content_width":"","neve_meta_content_width":0,"neve_meta_title_alignment":"","neve_meta_author_avatar":"","neve_post_elements_order":"","neve_meta_disable_header":"","neve_meta_disable_footer":"","neve_meta_disable_title":"","footnotes":""},"class_list":["post-2199","page","type-page","status-publish","hentry"],"_links":{"self":[{"href":"https:\/\/rosalindmasson.com\/de\/wp-json\/wp\/v2\/pages\/2199","targetHints":{"allow":["GET"]}}],"collection":[{"href":"https:\/\/rosalindmasson.com\/de\/wp-json\/wp\/v2\/pages"}],"about":[{"href":"https:\/\/rosalindmasson.com\/de\/wp-json\/wp\/v2\/types\/page"}],"author":[{"embeddable":true,"href":"https:\/\/rosalindmasson.com\/de\/wp-json\/wp\/v2\/users\/1"}],"replies":[{"embeddable":true,"href":"https:\/\/rosalindmasson.com\/de\/wp-json\/wp\/v2\/comments?post=2199"}],"version-history":[{"count":3,"href":"https:\/\/rosalindmasson.com\/de\/wp-json\/wp\/v2\/pages\/2199\/revisions"}],"predecessor-version":[{"id":2239,"href":"https:\/\/rosalindmasson.com\/de\/wp-json\/wp\/v2\/pages\/2199\/revisions\/2239"}],"wp:attachment":[{"href":"https:\/\/rosalindmasson.com\/de\/wp-json\/wp\/v2\/media?parent=2199"}],"curies":[{"name":"wp","href":"https:\/\/api.w.org\/{rel}","templated":true}]}}