{"id":2161,"date":"2026-02-23T08:50:17","date_gmt":"2026-02-23T08:50:17","guid":{"rendered":"https:\/\/rosalindmasson.com\/dolo\/"},"modified":"2026-02-27T10:03:42","modified_gmt":"2026-02-27T10:03:42","slug":"dolo","status":"publish","type":"page","link":"https:\/\/rosalindmasson.com\/de\/dolo\/","title":{"rendered":"DOLO"},"content":{"rendered":"\n<p>DOLO ist eine interdisziplin\u00e4re choreografische Performance und Zukunftsinstallation, die. untersucht die Verflechtung von K\u00f6rpern, k\u00fcnstlicher Intelligenz, reproduktiver Arbeit, Zustimmung und techno-kapitalistischen Systemen. Der Titel stammt aus dem Lateinischen dolus (Betrug) und dolor (Schmerz) und<br\/>aus der spanischen Rechtssprache, wo dolo absichtliche Unehrlichkeit bedeutet. Das Wort tr\u00e4gt eine Spannung zwischen Absicht und Verletzung, Versprechen und Schaden in sich. DOLO repr\u00e4sentiert auch den Trickster, ein System, das je nach seiner Agenda Harmonie oder Zwietracht, Best\u00e4tigung oder Abgrenzung schaffen kann.<\/p>\n\n<div data-wp-interactive=\"core\/file\" class=\"wp-block-file\"><object data-wp-bind--hidden=\"!state.hasPdfPreview\" hidden class=\"wp-block-file__embed\" data=\"https:\/\/rosalindmasson.com\/wp-content\/uploads\/2026\/02\/SOFTCURE_DOLO-PORTFOLIO-Compressed-1.pdf\" type=\"application\/pdf\" style=\"width:100%;height:600px\" aria-label=\"Einbettung von SOFTCURE_DOLO PORTFOLIO (Compressed) (1).\"><\/object><a id=\"wp-block-file--media-a2240329-764e-48c1-a3e8-62ae4ef18a0f\" href=\"https:\/\/rosalindmasson.com\/wp-content\/uploads\/2026\/02\/SOFTCURE_DOLO-PORTFOLIO-Compressed-1.pdf\">SOFTCURE_DOLO PORTFOLIO (komprimiert) (1)<\/a><a href=\"https:\/\/rosalindmasson.com\/wp-content\/uploads\/2026\/02\/SOFTCURE_DOLO-PORTFOLIO-Compressed-1.pdf\" class=\"wp-block-file__button wp-element-button\" download=\"\" aria-describedby=\"wp-block-file--media-a2240329-764e-48c1-a3e8-62ae4ef18a0f\">Herunterladen<\/a><\/div>\n","protected":false},"excerpt":{"rendered":"<p>DOLO ist eine interdisziplin\u00e4re choreografische Performance und Zukunftsinstallation, die. untersucht die Verflechtung von K\u00f6rpern, k\u00fcnstlicher Intelligenz, reproduktiver Arbeit, Zustimmung und techno-kapitalistischen Systemen. Der Titel stammt aus dem Lateinischen dolus (Betrug) und dolor (Schmerz) undaus der spanischen Rechtssprache, wo dolo absichtliche Unehrlichkeit bedeutet. Das Wort tr\u00e4gt eine Spannung zwischen Absicht und Verletzung, Versprechen und Schaden in&hellip;&nbsp;<a href=\"https:\/\/rosalindmasson.com\/de\/dolo\/\" rel=\"bookmark\">Weiterlesen &raquo;<span class=\"screen-reader-text\">DOLO<\/span><\/a><\/p>\n","protected":false},"author":1,"featured_media":0,"parent":0,"menu_order":0,"comment_status":"closed","ping_status":"closed","template":"","meta":{"neve_meta_sidebar":"","neve_meta_container":"","neve_meta_enable_content_width":"","neve_meta_content_width":0,"neve_meta_title_alignment":"","neve_meta_author_avatar":"","neve_post_elements_order":"","neve_meta_disable_header":"","neve_meta_disable_footer":"","neve_meta_disable_title":"","footnotes":""},"class_list":["post-2161","page","type-page","status-publish","hentry"],"_links":{"self":[{"href":"https:\/\/rosalindmasson.com\/de\/wp-json\/wp\/v2\/pages\/2161","targetHints":{"allow":["GET"]}}],"collection":[{"href":"https:\/\/rosalindmasson.com\/de\/wp-json\/wp\/v2\/pages"}],"about":[{"href":"https:\/\/rosalindmasson.com\/de\/wp-json\/wp\/v2\/types\/page"}],"author":[{"embeddable":true,"href":"https:\/\/rosalindmasson.com\/de\/wp-json\/wp\/v2\/users\/1"}],"replies":[{"embeddable":true,"href":"https:\/\/rosalindmasson.com\/de\/wp-json\/wp\/v2\/comments?post=2161"}],"version-history":[{"count":3,"href":"https:\/\/rosalindmasson.com\/de\/wp-json\/wp\/v2\/pages\/2161\/revisions"}],"predecessor-version":[{"id":2191,"href":"https:\/\/rosalindmasson.com\/de\/wp-json\/wp\/v2\/pages\/2161\/revisions\/2191"}],"wp:attachment":[{"href":"https:\/\/rosalindmasson.com\/de\/wp-json\/wp\/v2\/media?parent=2161"}],"curies":[{"name":"wp","href":"https:\/\/api.w.org\/{rel}","templated":true}]}}