{"id":2108,"date":"2025-06-07T14:56:31","date_gmt":"2025-06-07T14:56:31","guid":{"rendered":"https:\/\/rosalindmasson.com\/kontakt-improvisation-ci\/"},"modified":"2026-02-28T15:07:54","modified_gmt":"2026-02-28T15:07:54","slug":"kontakt-improvisation-ci","status":"publish","type":"page","link":"https:\/\/rosalindmasson.com\/de\/kontakt-improvisation-ci\/","title":{"rendered":"Kontakt-Improvisation (CI)"},"content":{"rendered":"\n<div class=\"wp-block-group is-vertical is-layout-flex wp-container-core-group-is-layout-8cf370e7 wp-block-group-is-layout-flex\">\n<p>Rosalind praktiziert seit \u00fcber 20 Jahren Contact Improvisation in Gro\u00dfbritannien, Deutschland und den USA. Ihr Unterricht basiert auf den Grundlagen der Praxis. Zu diesen Grundlagen geh\u00f6ren: Gewichtsverteilung, effizienter Einsatz der Schwerkraft, um in den Boden hinein- und wieder herauszukommen, Bewusstsein f\u00fcr die Kinesph\u00e4re, die Anatomie des K\u00f6rpers, Einsatz des geringsten Muskelaufwands f\u00fcr maximale Wirkung und Kultivierung eines Gef\u00fchls des Zuh\u00f6rens und der Wahrnehmung durch Ber\u00fchrung. In ihrem Unterricht ermutigt sie die Teilnehmer, ihre gewohnten Bewegungsmuster zu beobachten und neue Bewegungsm\u00f6glichkeiten zu erkunden. Es wird auf Aspekte des Kontakts geachtet, wie z.B. auf den Kopf zu gehen und in den Boden hinein und wieder heraus. Diese Bewegungsstudien werden sowohl einzeln als auch zusammen mit einem Partner\/mehreren Partnern ge\u00fcbt, um sie im Kontext eines Jams anzuwenden. Es werden Miniatur-Jamsituationen angeboten, die den Teilnehmern die M\u00f6glichkeit geben, ihren eigenen Tanz und den ihrer Kollegen zu beobachten und zu reflektieren. Mit diesem gemeinsamen Wissen k\u00f6nnen die Studenten dann ihre F\u00e4higkeiten beim Jammen anwenden.<\/p>\n\n\n\n<p><\/p>\n<\/div>\n\n<h2 class=\"wp-block-heading\">Kontakt-Improvisation: Winter- und Fr\u00fchlingsreihe  <\/h2>\n\n<p><strong>Wann?<\/strong> Sonntags, Workshop: 15.00 &#8211; 16.30, Jam 16.30-17.30 <strong>Wo?<\/strong> Tanz Etage e.V., Bl\u00fcmenstr. 7., 02826 &#8211; G\u00f6rlitz<\/p>\n\n<p>Diese Workshop-Reihe ist so konzipiert, dass sie als Kurs oder in Form von Einzelsitzungen absolviert werden kann. Das Niveau ist offen f\u00fcr alle Stufen und F\u00e4higkeiten. Es sind keine Vorkenntnisse in Contact Improvisation erforderlich. Ehemalige Teilnehmer k\u00f6nnen auf den Erfahrungen aus dem Vorjahr aufbauen, um ihre F\u00e4higkeiten und Fertigkeiten zu vertiefen und weiterzuentwickeln.     <\/p>\n\n<p>18.01: &#8218;Back to Back&#8216; &#8211; Entfaltung des Atems, der Unterst\u00fctzung und des Bewusstseins f\u00fcr die R\u00fcckseite unseres K\u00f6rpers beim Einzel- und Partnertanz.<\/p>\n\n<p>22.02: &#8218;Back to Front&#8216; &#8211; Bewegung und Artikulation der Wirbels\u00e4ule und ihre M\u00f6glichkeit, Bewegungsfreiheit beim Tanzen und im Leben freizusetzen.  <\/p>\n\n<p>29.03: &#8218;Roll with it&#8216; &#8211; wie Sie die M\u00f6glichkeit nutzen k\u00f6nnen, mit oder gegen die Str\u00f6mungsrichtung zu gehen, um energetische Bahnen im Raum zu lenken.  <\/p>\n\n<p>26.04: &#8218;Upside Down&#8216; &#8211; gewinnen Sie Selbstvertrauen, indem Sie sich auf den Kopf stellen und Ihre Wahrnehmung dessen, wozu Sie f\u00e4hig sind, herausfordern.  <\/p>\n\n<p>24.05: &#8218;Soft Bodies&#8216; &#8211; Lernen Sie, der angeborenen Intelligenz unseres K\u00f6rpers im Tanz und in der Natur zu vertrauen.<\/p>\n\n<p>Zum Buchen: <a href=\"https:\/\/ruhe-will-leben.de\/kontakt\/\">https:\/\/ruhe-will-leben.de\/kontakt\/<\/a><\/p>\n\n<p>Rosalind unterrichtet Workshops f\u00fcr alle Altersgruppen (8+) und F\u00e4higkeiten. Bitte nehmen Sie f\u00fcr Buchungen <a href=\"https:\/\/rosalindmasson.com\/de\/kontakt\/\" data-type=\"page\" data-id=\"1578\">Kontakt auf <\/a>.  <\/p>\n\n<figure class=\"wp-block-gallery has-nested-images columns-default is-cropped wp-block-gallery-1 is-layout-flex wp-block-gallery-is-layout-flex\">\n<figure class=\"wp-block-image size-large\"><img loading=\"lazy\" decoding=\"async\" width=\"299\" height=\"448\" data-id=\"2257\" src=\"https:\/\/rosalindmasson.com\/wp-content\/uploads\/2026\/02\/IMG_5643.jpg\" alt=\"\" class=\"wp-image-2257\" srcset=\"https:\/\/rosalindmasson.com\/wp-content\/uploads\/2026\/02\/IMG_5643.jpg 299w, https:\/\/rosalindmasson.com\/wp-content\/uploads\/2026\/02\/IMG_5643-200x300.jpg 200w, https:\/\/rosalindmasson.com\/wp-content\/uploads\/2026\/02\/IMG_5643-100x150.jpg 100w\" sizes=\"auto, (max-width: 299px) 100vw, 299px\" \/><\/figure>\n\n\n\n<figure class=\"wp-block-image size-large\"><img loading=\"lazy\" decoding=\"async\" width=\"299\" height=\"448\" data-id=\"2259\" src=\"https:\/\/rosalindmasson.com\/wp-content\/uploads\/2026\/02\/IMG_5644.jpg\" alt=\"\" class=\"wp-image-2259\" srcset=\"https:\/\/rosalindmasson.com\/wp-content\/uploads\/2026\/02\/IMG_5644.jpg 299w, https:\/\/rosalindmasson.com\/wp-content\/uploads\/2026\/02\/IMG_5644-200x300.jpg 200w, https:\/\/rosalindmasson.com\/wp-content\/uploads\/2026\/02\/IMG_5644-100x150.jpg 100w\" sizes=\"auto, (max-width: 299px) 100vw, 299px\" \/><\/figure>\n\n\n\n<figure class=\"wp-block-image size-large\"><img loading=\"lazy\" decoding=\"async\" width=\"299\" height=\"448\" data-id=\"2261\" src=\"https:\/\/rosalindmasson.com\/wp-content\/uploads\/2026\/02\/IMG_5645.jpg\" alt=\"\" class=\"wp-image-2261\" srcset=\"https:\/\/rosalindmasson.com\/wp-content\/uploads\/2026\/02\/IMG_5645.jpg 299w, https:\/\/rosalindmasson.com\/wp-content\/uploads\/2026\/02\/IMG_5645-200x300.jpg 200w, https:\/\/rosalindmasson.com\/wp-content\/uploads\/2026\/02\/IMG_5645-100x150.jpg 100w\" sizes=\"auto, (max-width: 299px) 100vw, 299px\" \/><\/figure>\n\n\n\n<figure class=\"wp-block-image size-large\"><img loading=\"lazy\" decoding=\"async\" width=\"710\" height=\"1024\" data-id=\"2263\" src=\"https:\/\/rosalindmasson.com\/wp-content\/uploads\/2026\/02\/IMG_5641-710x1024.jpg\" alt=\"\" class=\"wp-image-2263\" srcset=\"https:\/\/rosalindmasson.com\/wp-content\/uploads\/2026\/02\/IMG_5641-710x1024.jpg 710w, https:\/\/rosalindmasson.com\/wp-content\/uploads\/2026\/02\/IMG_5641-208x300.jpg 208w, https:\/\/rosalindmasson.com\/wp-content\/uploads\/2026\/02\/IMG_5641-104x150.jpg 104w, https:\/\/rosalindmasson.com\/wp-content\/uploads\/2026\/02\/IMG_5641-768x1108.jpg 768w, https:\/\/rosalindmasson.com\/wp-content\/uploads\/2026\/02\/IMG_5641.jpg 887w\" sizes=\"auto, (max-width: 710px) 100vw, 710px\" \/><\/figure>\n\n\n\n<figure class=\"wp-block-image size-large\"><img loading=\"lazy\" decoding=\"async\" width=\"299\" height=\"426\" data-id=\"2265\" src=\"https:\/\/rosalindmasson.com\/wp-content\/uploads\/2026\/02\/IMG_5646.jpg\" alt=\"\" class=\"wp-image-2265\" srcset=\"https:\/\/rosalindmasson.com\/wp-content\/uploads\/2026\/02\/IMG_5646.jpg 299w, https:\/\/rosalindmasson.com\/wp-content\/uploads\/2026\/02\/IMG_5646-211x300.jpg 211w, https:\/\/rosalindmasson.com\/wp-content\/uploads\/2026\/02\/IMG_5646-105x150.jpg 105w\" sizes=\"auto, (max-width: 299px) 100vw, 299px\" \/><\/figure>\n\n\n\n<figure class=\"wp-block-image size-large\"><img loading=\"lazy\" decoding=\"async\" width=\"683\" height=\"1024\" data-id=\"2267\" src=\"https:\/\/rosalindmasson.com\/wp-content\/uploads\/2026\/02\/IMG_4788-683x1024.jpg\" alt=\"\" class=\"wp-image-2267\" srcset=\"https:\/\/rosalindmasson.com\/wp-content\/uploads\/2026\/02\/IMG_4788-683x1024.jpg 683w, https:\/\/rosalindmasson.com\/wp-content\/uploads\/2026\/02\/IMG_4788-200x300.jpg 200w, https:\/\/rosalindmasson.com\/wp-content\/uploads\/2026\/02\/IMG_4788-100x150.jpg 100w, https:\/\/rosalindmasson.com\/wp-content\/uploads\/2026\/02\/IMG_4788-768x1151.jpg 768w, https:\/\/rosalindmasson.com\/wp-content\/uploads\/2026\/02\/IMG_4788.jpg 854w\" sizes=\"auto, (max-width: 683px) 100vw, 683px\" \/><\/figure>\n<\/figure>\n\n<p>Fotos Copyright Susann Dischereit<\/p>\n\n<p><\/p>\n","protected":false},"excerpt":{"rendered":"<p>Rosalind praktiziert seit \u00fcber 20 Jahren Contact Improvisation in Gro\u00dfbritannien, Deutschland und den USA. Ihr Unterricht basiert auf den Grundlagen der Praxis. Zu diesen Grundlagen geh\u00f6ren: Gewichtsverteilung, effizienter Einsatz der Schwerkraft, um in den Boden hinein- und wieder herauszukommen, Bewusstsein f\u00fcr die Kinesph\u00e4re, die Anatomie des K\u00f6rpers, Einsatz des geringsten Muskelaufwands f\u00fcr maximale Wirkung und&hellip;&nbsp;<a href=\"https:\/\/rosalindmasson.com\/de\/kontakt-improvisation-ci\/\" rel=\"bookmark\">Weiterlesen &raquo;<span class=\"screen-reader-text\">Kontakt-Improvisation (CI)<\/span><\/a><\/p>\n","protected":false},"author":1,"featured_media":0,"parent":0,"menu_order":0,"comment_status":"closed","ping_status":"closed","template":"","meta":{"neve_meta_sidebar":"","neve_meta_container":"","neve_meta_enable_content_width":"","neve_meta_content_width":0,"neve_meta_title_alignment":"","neve_meta_author_avatar":"","neve_post_elements_order":"","neve_meta_disable_header":"","neve_meta_disable_footer":"","neve_meta_disable_title":"","footnotes":""},"class_list":["post-2108","page","type-page","status-publish","hentry"],"_links":{"self":[{"href":"https:\/\/rosalindmasson.com\/de\/wp-json\/wp\/v2\/pages\/2108","targetHints":{"allow":["GET"]}}],"collection":[{"href":"https:\/\/rosalindmasson.com\/de\/wp-json\/wp\/v2\/pages"}],"about":[{"href":"https:\/\/rosalindmasson.com\/de\/wp-json\/wp\/v2\/types\/page"}],"author":[{"embeddable":true,"href":"https:\/\/rosalindmasson.com\/de\/wp-json\/wp\/v2\/users\/1"}],"replies":[{"embeddable":true,"href":"https:\/\/rosalindmasson.com\/de\/wp-json\/wp\/v2\/comments?post=2108"}],"version-history":[{"count":3,"href":"https:\/\/rosalindmasson.com\/de\/wp-json\/wp\/v2\/pages\/2108\/revisions"}],"predecessor-version":[{"id":2270,"href":"https:\/\/rosalindmasson.com\/de\/wp-json\/wp\/v2\/pages\/2108\/revisions\/2270"}],"wp:attachment":[{"href":"https:\/\/rosalindmasson.com\/de\/wp-json\/wp\/v2\/media?parent=2108"}],"curies":[{"name":"wp","href":"https:\/\/api.w.org\/{rel}","templated":true}]}}