{"id":2063,"date":"2025-06-07T14:27:15","date_gmt":"2025-06-07T14:27:15","guid":{"rendered":"https:\/\/rosalindmasson.com\/zeitgenoessische-technik\/"},"modified":"2025-06-07T14:50:05","modified_gmt":"2025-06-07T14:50:05","slug":"zeitgenoessische-technik","status":"publish","type":"page","link":"https:\/\/rosalindmasson.com\/de\/zeitgenoessische-technik\/","title":{"rendered":"Zeitgen\u00f6ssische Technik"},"content":{"rendered":"\n<p>Rosalinds Klasse nutzt den Atem, um Muskelverspannungen loszulassen und sich neu einzustimmen: das Nervensystem zu beruhigen und auf die Anziehungskraft der Schwerkraft zu h\u00f6ren, um den Weg des geringsten Widerstands zu finden. Im Liegen, Sitzen oder Stehen ermutige ich die Teilnehmer, sich der Spannungen bewusst zu werden und Verbindungen und Kan\u00e4le zu \u00f6ffnen, indem ich die F\u00e4higkeit jedes Einzelnen zur Freiheit und Artikulation in den Gelenken f\u00f6rdere.  <\/p>\n\n<p>Von hier aus beginnen wir mit der Kr\u00e4ftigung, wobei wir die Kernmuskelgruppen aktivieren und gleichzeitig die F\u00e4higkeit der Muskeln f\u00f6rdern, mit gr\u00f6\u00dfter Effizienz und Leichtigkeit zu reagieren. An diesem Punkt wird der Unterricht dynamischer durch \u00dcbungen mit Gewichtsbelastung, die in den Raum hineinreichen.  <\/p>\n\n<p>Es folgen l\u00e4ngere Bewegungsphrasen und choreografisches Material, deren Sprache durch das Bewusstsein f\u00fcr die Schwerkraft, die Ausrichtung des Skeletts, die Artikulation der Gelenke und die Demokratie der K\u00f6rperteile in mehrere Richtungen definiert ist. Das Herz-Kreislauf-System und die Muskulatur werden aktiviert, und Geist und K\u00f6rper gewinnen an Raum.<\/p>\n<div class=\"wp-block-image\">\n<figure class=\"aligncenter size-full is-resized\"><img loading=\"lazy\" decoding=\"async\" width=\"1000\" height=\"667\" src=\"https:\/\/rosalindmasson.com\/wp-content\/uploads\/2025\/06\/dbfestoccupyingeden-54_web.jpg\" alt=\"\" class=\"wp-image-2054\" style=\"width:800px\" srcset=\"https:\/\/rosalindmasson.com\/wp-content\/uploads\/2025\/06\/dbfestoccupyingeden-54_web.jpg 1000w, https:\/\/rosalindmasson.com\/wp-content\/uploads\/2025\/06\/dbfestoccupyingeden-54_web-300x200.jpg 300w, https:\/\/rosalindmasson.com\/wp-content\/uploads\/2025\/06\/dbfestoccupyingeden-54_web-150x100.jpg 150w, https:\/\/rosalindmasson.com\/wp-content\/uploads\/2025\/06\/dbfestoccupyingeden-54_web-768x512.jpg 768w, https:\/\/rosalindmasson.com\/wp-content\/uploads\/2025\/06\/dbfestoccupyingeden-54_web-930x620.jpg 930w\" sizes=\"auto, (max-width: 1000px) 100vw, 1000px\" \/><figcaption class=\"wp-element-caption\">Foto von Amy Sinead, Occupying Eden, Dancebase 2022<\/figcaption><\/figure>\n<\/div>\n<div style=\"height:20px\" aria-hidden=\"true\" class=\"wp-block-spacer\"><\/div>\n\n<figure class=\"wp-block-embed aligncenter is-type-video is-provider-videopress wp-block-embed-videopress wp-embed-aspect-16-9 wp-has-aspect-ratio\"><div class=\"wp-block-embed__wrapper\">\n<iframe title=\"VideoPress Video Player\" aria-label='VideoPress Video Player' width='1200' height='675' src='https:\/\/video.wordpress.com\/embed\/214MwA12?hd=0&amp;cover=1' frameborder='0' allowfullscreen allow='clipboard-write'><\/iframe><script src='https:\/\/v0.wordpress.com\/js\/next\/videopress-iframe.js?m=1739540970'><\/script>\n<\/div><\/figure>\n\n<div style=\"height:20px\" aria-hidden=\"true\" class=\"wp-block-spacer\"><\/div>\n<div class=\"wp-block-image\">\n<figure class=\"alignleft size-full is-resized\"><img loading=\"lazy\" decoding=\"async\" width=\"500\" height=\"489\" src=\"https:\/\/rosalindmasson.com\/wp-content\/uploads\/2025\/06\/bkm_neustart_kultur_wortmarke_pos_rgb_rz-2_web.jpg\" alt=\"Neu Start Kultur\" class=\"wp-image-2056\" style=\"width:auto;height:120px\" srcset=\"https:\/\/rosalindmasson.com\/wp-content\/uploads\/2025\/06\/bkm_neustart_kultur_wortmarke_pos_rgb_rz-2_web.jpg 500w, https:\/\/rosalindmasson.com\/wp-content\/uploads\/2025\/06\/bkm_neustart_kultur_wortmarke_pos_rgb_rz-2_web-300x293.jpg 300w, https:\/\/rosalindmasson.com\/wp-content\/uploads\/2025\/06\/bkm_neustart_kultur_wortmarke_pos_rgb_rz-2_web-150x147.jpg 150w\" sizes=\"auto, (max-width: 500px) 100vw, 500px\" \/><\/figure>\n<\/div><div class=\"wp-block-image\">\n<figure class=\"alignleft size-full is-resized\"><img loading=\"lazy\" decoding=\"async\" width=\"300\" height=\"150\" src=\"https:\/\/rosalindmasson.com\/wp-content\/uploads\/2025\/06\/dtdlogodrgb_web.jpg\" alt=\"Dachverband Tanz Deutschland\" class=\"wp-image-2058\" style=\"width:auto;height:120px\" srcset=\"https:\/\/rosalindmasson.com\/wp-content\/uploads\/2025\/06\/dtdlogodrgb_web.jpg 300w, https:\/\/rosalindmasson.com\/wp-content\/uploads\/2025\/06\/dtdlogodrgb_web-150x75.jpg 150w\" sizes=\"auto, (max-width: 300px) 100vw, 300px\" \/><\/figure>\n<\/div><div class=\"wp-block-image\">\n<figure class=\"alignleft size-full is-resized\"><img loading=\"lazy\" decoding=\"async\" width=\"500\" height=\"204\" src=\"https:\/\/rosalindmasson.com\/wp-content\/uploads\/2025\/06\/bkm_office_farbe_de_web.jpg\" alt=\"\" class=\"wp-image-2060\" style=\"width:auto;height:120px\" srcset=\"https:\/\/rosalindmasson.com\/wp-content\/uploads\/2025\/06\/bkm_office_farbe_de_web.jpg 500w, https:\/\/rosalindmasson.com\/wp-content\/uploads\/2025\/06\/bkm_office_farbe_de_web-300x122.jpg 300w, https:\/\/rosalindmasson.com\/wp-content\/uploads\/2025\/06\/bkm_office_farbe_de_web-150x61.jpg 150w\" sizes=\"auto, (max-width: 500px) 100vw, 500px\" \/><\/figure>\n<\/div>","protected":false},"excerpt":{"rendered":"<p>Rosalinds Klasse nutzt den Atem, um Muskelverspannungen loszulassen und sich neu einzustimmen: das Nervensystem zu beruhigen und auf die Anziehungskraft der Schwerkraft zu h\u00f6ren, um den Weg des geringsten Widerstands zu finden. Im Liegen, Sitzen oder Stehen ermutige ich die Teilnehmer, sich der Spannungen bewusst zu werden und Verbindungen und Kan\u00e4le zu \u00f6ffnen, indem ich&hellip;&nbsp;<a href=\"https:\/\/rosalindmasson.com\/de\/zeitgenoessische-technik\/\" rel=\"bookmark\">Weiterlesen &raquo;<span class=\"screen-reader-text\">Zeitgen\u00f6ssische Technik<\/span><\/a><\/p>\n","protected":false},"author":1,"featured_media":0,"parent":0,"menu_order":0,"comment_status":"closed","ping_status":"closed","template":"","meta":{"neve_meta_sidebar":"","neve_meta_container":"","neve_meta_enable_content_width":"","neve_meta_content_width":0,"neve_meta_title_alignment":"","neve_meta_author_avatar":"","neve_post_elements_order":"","neve_meta_disable_header":"","neve_meta_disable_footer":"","neve_meta_disable_title":"","footnotes":""},"class_list":["post-2063","page","type-page","status-publish","hentry"],"_links":{"self":[{"href":"https:\/\/rosalindmasson.com\/de\/wp-json\/wp\/v2\/pages\/2063","targetHints":{"allow":["GET"]}}],"collection":[{"href":"https:\/\/rosalindmasson.com\/de\/wp-json\/wp\/v2\/pages"}],"about":[{"href":"https:\/\/rosalindmasson.com\/de\/wp-json\/wp\/v2\/types\/page"}],"author":[{"embeddable":true,"href":"https:\/\/rosalindmasson.com\/de\/wp-json\/wp\/v2\/users\/1"}],"replies":[{"embeddable":true,"href":"https:\/\/rosalindmasson.com\/de\/wp-json\/wp\/v2\/comments?post=2063"}],"version-history":[{"count":17,"href":"https:\/\/rosalindmasson.com\/de\/wp-json\/wp\/v2\/pages\/2063\/revisions"}],"predecessor-version":[{"id":2103,"href":"https:\/\/rosalindmasson.com\/de\/wp-json\/wp\/v2\/pages\/2063\/revisions\/2103"}],"wp:attachment":[{"href":"https:\/\/rosalindmasson.com\/de\/wp-json\/wp\/v2\/media?parent=2063"}],"curies":[{"name":"wp","href":"https:\/\/api.w.org\/{rel}","templated":true}]}}