{"id":1990,"date":"2025-05-31T18:55:27","date_gmt":"2025-05-31T18:55:27","guid":{"rendered":"https:\/\/rosalindmasson.com\/yoga\/"},"modified":"2026-02-28T15:06:20","modified_gmt":"2026-02-28T15:06:20","slug":"yoga","status":"publish","type":"page","link":"https:\/\/rosalindmasson.com\/de\/yoga\/","title":{"rendered":"Yoga"},"content":{"rendered":"<div class=\"wp-block-image\">\n<figure class=\"aligncenter size-full\"><img loading=\"lazy\" decoding=\"async\" width=\"800\" height=\"533\" src=\"https:\/\/rosalindmasson.com\/wp-content\/uploads\/2025\/06\/PHD_7831_web_800.jpg\" alt=\"\" class=\"wp-image-2030\" srcset=\"https:\/\/rosalindmasson.com\/wp-content\/uploads\/2025\/06\/PHD_7831_web_800.jpg 800w, https:\/\/rosalindmasson.com\/wp-content\/uploads\/2025\/06\/PHD_7831_web_800-300x200.jpg 300w, https:\/\/rosalindmasson.com\/wp-content\/uploads\/2025\/06\/PHD_7831_web_800-150x100.jpg 150w, https:\/\/rosalindmasson.com\/wp-content\/uploads\/2025\/06\/PHD_7831_web_800-768x512.jpg 768w\" sizes=\"auto, (max-width: 800px) 100vw, 800px\" \/><\/figure>\n<\/div>\n<div style=\"height:30px\" aria-hidden=\"true\" class=\"wp-block-spacer\"><\/div>\n\n<div class=\"wp-block-buttons is-content-justification-center is-layout-flex wp-container-core-buttons-is-layout-16018d1d wp-block-buttons-is-layout-flex\">\n<div class=\"wp-block-button\"><a class=\"wp-block-button__link wp-element-button\" href=\"https:\/\/www.greenyoga.co\/Online\">Neue Online-Kurse am Mittwoch<\/a><\/div>\n<\/div>\n\n<p><\/p>\n\n<p>Rosalind ist eine von der Yoga Alliance zertifizierte Yogalehrerin mit einem BA (Hons) in zeitgen\u00f6ssischem Tanz und einem MSc Media Arts and Imaging. Sie praktiziert seit \u00fcber zwanzig Jahren Yoga an verschiedenen Schulen in Gro\u00dfbritannien, den USA und Deutschland. Im Jahr 2022 schloss sie ihre Ausbildung zur Yogalehrerin an der Bihar School of Yoga in Indien ab und spezialisierte sich auf Ashtanga Vinyasa und Hatha Yoga. Derzeit studiert sie die Synergie von Vinyasa, Restorative und Holistic Yoga in den Kalaa Studios Berlin. Mit ihrem kombinierten Hintergrund im Tanz bringt Rosalind den Fluss und die Dynamik der Ashtanga Vinyasa-Praxis zusammen mit ihrem Wissen \u00fcber Anatomie und Ausrichtung in ihren Yogaunterricht ein, um das k\u00f6rperliche und geistige Wohlbefinden ihrer Sch\u00fcler zu unterst\u00fctzen. In den letzten Jahren hat sich Rosalind vor allem auf die Anwendung von Pranayama (Atemarbeit), Yoga Nidra und Meditation zur Vorbeugung von Stress oder schwerwiegenderen Erkrankungen wie posttraumatischer Belastungsst\u00f6rung sowie auf die Arbeit mit M\u00fcttern und Kleinkindern konzentriert. Ihre ganzheitliche Yogapraxis ist mit ihrer k\u00fcnstlerischen Praxis verbunden, da sie die gegenseitige Abh\u00e4ngigkeit der Gesundheit von K\u00f6rper und Geist in Bezug auf die Gesundheit anderer Arten und des Planeten erforscht. Rosalind unterrichtet bei Green Yoga Berlin, Kalaa Yoga Studios Berlin, Ananda Zentrum G\u00f6rlitz und in Agrigento, Sizilien.  <\/p>\n\n<div class=\"wp-block-buttons is-layout-flex wp-block-buttons-is-layout-flex\">\n<div class=\"wp-block-button is-style-secondary\"><a class=\"wp-block-button__link wp-element-button\">Rosalinds Lehrkalender<\/a><\/div>\n<\/div>\n\n<p><\/p>\n\n<p>Bitte <a href=\"https:\/\/rosalindmasson.com\/de\/kontakt\/\">kontaktieren Sie Rosalind<\/a> per E-Mail, um eine Privatsitzung zu buchen, treten Sie in die <a href=\"https:\/\/rosalindmasson.com\/de\/nachrichten\/\">Mailingliste<\/a> ein oder folgen Sie ihr auf <a href=\"https:\/\/www.instagram.com\/rosalind_yoga\" target=\"_blank\" rel=\"noreferrer noopener\">Instagram<\/a> und <a href=\"https:\/\/www.facebook.com\/rosalind.masson\" target=\"_blank\" rel=\"noreferrer noopener\">Facebook<\/a>, um aktuelle Informationen zum Unterricht zu erhalten.<\/p>\n\n<figure class=\"wp-block-gallery has-nested-images columns-default is-cropped wp-block-gallery-1 is-layout-flex wp-block-gallery-is-layout-flex\">\n<figure class=\"wp-block-image size-large\"><img loading=\"lazy\" decoding=\"async\" width=\"800\" height=\"533\" data-id=\"2043\" src=\"https:\/\/rosalindmasson.com\/wp-content\/uploads\/2025\/06\/PHD_7996_web_800.jpg\" alt=\"\" class=\"wp-image-2043\" srcset=\"https:\/\/rosalindmasson.com\/wp-content\/uploads\/2025\/06\/PHD_7996_web_800.jpg 800w, https:\/\/rosalindmasson.com\/wp-content\/uploads\/2025\/06\/PHD_7996_web_800-300x200.jpg 300w, https:\/\/rosalindmasson.com\/wp-content\/uploads\/2025\/06\/PHD_7996_web_800-150x100.jpg 150w, https:\/\/rosalindmasson.com\/wp-content\/uploads\/2025\/06\/PHD_7996_web_800-768x512.jpg 768w\" sizes=\"auto, (max-width: 800px) 100vw, 800px\" \/><\/figure>\n\n\n\n<figure class=\"wp-block-image size-large\"><img loading=\"lazy\" decoding=\"async\" width=\"533\" height=\"800\" data-id=\"2041\" src=\"https:\/\/rosalindmasson.com\/wp-content\/uploads\/2025\/06\/PHD_7958_web_800.jpg\" alt=\"Yoga Fotos von Phil Dera\" class=\"wp-image-2041\" srcset=\"https:\/\/rosalindmasson.com\/wp-content\/uploads\/2025\/06\/PHD_7958_web_800.jpg 533w, https:\/\/rosalindmasson.com\/wp-content\/uploads\/2025\/06\/PHD_7958_web_800-200x300.jpg 200w, https:\/\/rosalindmasson.com\/wp-content\/uploads\/2025\/06\/PHD_7958_web_800-100x150.jpg 100w\" sizes=\"auto, (max-width: 533px) 100vw, 533px\" \/><\/figure>\n\n\n\n<figure class=\"wp-block-image size-large\"><img loading=\"lazy\" decoding=\"async\" width=\"800\" height=\"533\" data-id=\"2045\" src=\"https:\/\/rosalindmasson.com\/wp-content\/uploads\/2025\/06\/Rosalind-Masson_web.jpg\" alt=\"\" class=\"wp-image-2045\" srcset=\"https:\/\/rosalindmasson.com\/wp-content\/uploads\/2025\/06\/Rosalind-Masson_web.jpg 800w, https:\/\/rosalindmasson.com\/wp-content\/uploads\/2025\/06\/Rosalind-Masson_web-300x200.jpg 300w, https:\/\/rosalindmasson.com\/wp-content\/uploads\/2025\/06\/Rosalind-Masson_web-150x100.jpg 150w, https:\/\/rosalindmasson.com\/wp-content\/uploads\/2025\/06\/Rosalind-Masson_web-768x512.jpg 768w\" sizes=\"auto, (max-width: 800px) 100vw, 800px\" \/><\/figure>\n<figcaption class=\"blocks-gallery-caption wp-element-caption\">Fotos von Phil Dera<\/figcaption><\/figure>\n","protected":false},"excerpt":{"rendered":"<p>Rosalind ist eine von der Yoga Alliance zertifizierte Yogalehrerin mit einem BA (Hons) in zeitgen\u00f6ssischem Tanz und einem MSc Media Arts and Imaging. Sie praktiziert seit \u00fcber zwanzig Jahren Yoga an verschiedenen Schulen in Gro\u00dfbritannien, den USA und Deutschland. Im Jahr 2022 schloss sie ihre Ausbildung zur Yogalehrerin an der Bihar School of Yoga in&hellip;&nbsp;<a href=\"https:\/\/rosalindmasson.com\/de\/yoga\/\" rel=\"bookmark\">Weiterlesen &raquo;<span class=\"screen-reader-text\">Yoga<\/span><\/a><\/p>\n","protected":false},"author":1,"featured_media":0,"parent":0,"menu_order":0,"comment_status":"closed","ping_status":"closed","template":"","meta":{"neve_meta_sidebar":"","neve_meta_container":"","neve_meta_enable_content_width":"","neve_meta_content_width":0,"neve_meta_title_alignment":"","neve_meta_author_avatar":"","neve_post_elements_order":"","neve_meta_disable_header":"","neve_meta_disable_footer":"","neve_meta_disable_title":"","footnotes":""},"class_list":["post-1990","page","type-page","status-publish","hentry"],"_links":{"self":[{"href":"https:\/\/rosalindmasson.com\/de\/wp-json\/wp\/v2\/pages\/1990","targetHints":{"allow":["GET"]}}],"collection":[{"href":"https:\/\/rosalindmasson.com\/de\/wp-json\/wp\/v2\/pages"}],"about":[{"href":"https:\/\/rosalindmasson.com\/de\/wp-json\/wp\/v2\/types\/page"}],"author":[{"embeddable":true,"href":"https:\/\/rosalindmasson.com\/de\/wp-json\/wp\/v2\/users\/1"}],"replies":[{"embeddable":true,"href":"https:\/\/rosalindmasson.com\/de\/wp-json\/wp\/v2\/comments?post=1990"}],"version-history":[{"count":18,"href":"https:\/\/rosalindmasson.com\/de\/wp-json\/wp\/v2\/pages\/1990\/revisions"}],"predecessor-version":[{"id":2288,"href":"https:\/\/rosalindmasson.com\/de\/wp-json\/wp\/v2\/pages\/1990\/revisions\/2288"}],"wp:attachment":[{"href":"https:\/\/rosalindmasson.com\/de\/wp-json\/wp\/v2\/media?parent=1990"}],"curies":[{"name":"wp","href":"https:\/\/api.w.org\/{rel}","templated":true}]}}