{"id":1954,"date":"2024-03-27T12:46:19","date_gmt":"2024-03-27T12:46:19","guid":{"rendered":"https:\/\/rosalindmasson.com\/garten-als-widerspruechlicher-utopischer-raum-forschungsprojekt\/"},"modified":"2024-04-13T08:24:01","modified_gmt":"2024-04-13T08:24:01","slug":"garten-als-widerspruechlicher-utopischer-raum-forschungsprojekt","status":"publish","type":"page","link":"https:\/\/rosalindmasson.com\/de\/garten-als-widerspruechlicher-utopischer-raum-forschungsprojekt\/","title":{"rendered":"Garten als widerspr\u00fcchlicher utopischer Raum\/Forschungsprojekt"},"content":{"rendered":"\n<p>Rosalind Masson (GB\/DE) &amp; Florence Freitag (DE)<\/p>\n\n<p>TANZPAKT Dresden Forschungsaufenthalt mit dem Botanischen Garten der TU Dresden<\/p>\n\n<p>Die Forschungsfrage, die diesem Aufenthalt zugrunde liegt, wurde durch eine Ausstellung im Jahr 2019 inspiriert, die nach Hieronymus Boschs Meisterwerk &#8222;Garten der Irdischen Freuden&#8220; aus dem Jahr 1500 im Martin-Gropius-Bau in Berlin benannt ist. Die Ausstellung befasste sich mit dem Anthropoz\u00e4n im Zusammenhang mit Themen wie Saatgutpolitik, Verm\u00e4chtnis des Kolonialismus und historischer Segregation. Die Ausstellung untersuchte den Garten als einen Ort der Dualit\u00e4t und des Widerspruchs: zwischen Harmonie und Chaos, Ausgrenzung und Einbeziehung, Utopie und Dystopie. Weitere Nachforschungen f\u00fchrten zur Problematik des Begriffs Anthropoz\u00e4n und zur Entdeckung des Begriffs der <em>Subszendenz <\/em>durch den \u00d6kologen Timothy Morton <em>. <\/em>Subszendenz bedeutet einfach ausgedr\u00fcckt, dass das Ganze weniger ist als die Summe seiner Teile. Somatische Praktiken erm\u00f6glichen unter anderem eine Subszendenz des K\u00f6rpers, die dem Erfahrenden den Zugang zu einer zellul\u00e4ren, neuronalen und metabolischen Ebene des Zuh\u00f6rens und Verstehens erm\u00f6glicht. Wie erm\u00f6glichen uns somatische Praktiken angesichts des Klimawandels, uns als Teil einer symbiotischen Pflanzengemeinschaft neu zu verorten, und warum ist das bewusste Atmen ein Akt des radikalen Widerstands?  <\/p>\n\n<p>Aufgrund von Reisebeschr\u00e4nkungen wegen COVID-19 sind Rosalind Masson und ihre Kollaborateurin, die Performerin und Multimedia-K\u00fcnstlerin Florence Freitag, zusammen mit ihrer Hauptforschungspartnerin, der wissenschaftlichen Kuratorin Dr. Barbara Ditsch, an einer l\u00e4ngeren Distanz-\/Tanzresidenz im Botanischen Garten der TU Dresden beteiligt. Rosalind arbeitet derzeit von der Oberm\u00fchle G\u00f6rlitz aus, wo sie lebt und g\u00e4rtnert. Florence begann ihre Residenz in Berlin &#8211; begleitet von 21 gr\u00fcnen Zimmergenossen und einem riesigen Feld. Bitte informieren Sie sich in unseren Blogs \u00fcber kommende Aktivit\u00e4ten.  <\/p>\n\n<p>Rosalind Masson: <a rel=\"noreferrer noopener\" href=\"https:\/\/rosalindmasson.blogspot.com\/\" target=\"_blank\">https:\/\/rosalindmasson.blogspot.com\/<\/a><br\/>Florence Freitag: <a rel=\"noreferrer noopener\" href=\"https:\/\/florencefreitag.tumblr.com\/\" target=\"_blank\">https:\/\/florencefreitag.tumblr.com\/<\/a><\/p>\n\n<div class=\"wp-block-file\"><a href=\"https:\/\/rosalindmasson.com\/wp-content\/uploads\/2021\/01\/zine-presentation-1-4.pdf\">zine-pr\u00e4sentation<\/a><a href=\"https:\/\/rosalindmasson.com\/wp-content\/uploads\/2021\/01\/zine-presentation-1-4.pdf\" class=\"wp-block-file__button wp-element-button\" download=\"\">Herunterladen<\/a><\/div>\n\n<figure class=\"wp-block-image size-large\"><img decoding=\"async\" src=\"https:\/\/rosalindmasson.com\/wp-content\/uploads\/2020\/04\/screen-shot-2020-04-21-at-12.48.48-2.png?w=726\" alt=\"\" class=\"wp-image-740\"\/><\/figure>\n\n<figure class=\"wp-block-embed is-type-video is-provider-vimeo wp-block-embed-vimeo wp-embed-aspect-16-9 wp-has-aspect-ratio\"><div class=\"wp-block-embed__wrapper\">\n<div class=\"nv-iframe-embed\"><iframe loading=\"lazy\" title=\"What is a garden?\" src=\"https:\/\/player.vimeo.com\/video\/413779953?dnt=1&amp;app_id=122963\" width=\"1200\" height=\"675\" frameborder=\"0\" allow=\"autoplay; fullscreen; picture-in-picture; clipboard-write\"><\/iframe><\/div>\n<\/div><\/figure>\n\n<figure class=\"wp-block-embed is-type-video is-provider-vimeo wp-block-embed-vimeo wp-embed-aspect-16-9 wp-has-aspect-ratio\"><div class=\"wp-block-embed__wrapper\">\n<div class=\"nv-iframe-embed\"><iframe loading=\"lazy\" title=\"Poplar\" src=\"https:\/\/player.vimeo.com\/video\/416989606?dnt=1&amp;app_id=122963\" width=\"1200\" height=\"675\" frameborder=\"0\" allow=\"autoplay; fullscreen; picture-in-picture; clipboard-write\"><\/iframe><\/div>\n<\/div><\/figure>\n\n<p><\/p>\n","protected":false},"excerpt":{"rendered":"<p>Rosalind Masson (GB\/DE) &amp; Florence Freitag (DE) TANZPAKT Dresden Forschungsaufenthalt mit dem Botanischen Garten der TU Dresden Die Forschungsfrage, die diesem Aufenthalt zugrunde liegt, wurde durch eine Ausstellung im Jahr 2019 inspiriert, die nach Hieronymus Boschs Meisterwerk &#8222;Garten der Irdischen Freuden&#8220; aus dem Jahr 1500 im Martin-Gropius-Bau in Berlin benannt ist. Die Ausstellung befasste sich&hellip;&nbsp;<a href=\"https:\/\/rosalindmasson.com\/de\/garten-als-widerspruechlicher-utopischer-raum-forschungsprojekt\/\" rel=\"bookmark\">Weiterlesen &raquo;<span class=\"screen-reader-text\">Garten als widerspr\u00fcchlicher utopischer Raum\/Forschungsprojekt<\/span><\/a><\/p>\n","protected":false},"author":1,"featured_media":0,"parent":0,"menu_order":0,"comment_status":"closed","ping_status":"closed","template":"","meta":{"neve_meta_sidebar":"","neve_meta_container":"","neve_meta_enable_content_width":"","neve_meta_content_width":0,"neve_meta_title_alignment":"","neve_meta_author_avatar":"","neve_post_elements_order":"","neve_meta_disable_header":"","neve_meta_disable_footer":"","neve_meta_disable_title":"","footnotes":""},"class_list":["post-1954","page","type-page","status-publish","hentry"],"_links":{"self":[{"href":"https:\/\/rosalindmasson.com\/de\/wp-json\/wp\/v2\/pages\/1954","targetHints":{"allow":["GET"]}}],"collection":[{"href":"https:\/\/rosalindmasson.com\/de\/wp-json\/wp\/v2\/pages"}],"about":[{"href":"https:\/\/rosalindmasson.com\/de\/wp-json\/wp\/v2\/types\/page"}],"author":[{"embeddable":true,"href":"https:\/\/rosalindmasson.com\/de\/wp-json\/wp\/v2\/users\/1"}],"replies":[{"embeddable":true,"href":"https:\/\/rosalindmasson.com\/de\/wp-json\/wp\/v2\/comments?post=1954"}],"version-history":[{"count":1,"href":"https:\/\/rosalindmasson.com\/de\/wp-json\/wp\/v2\/pages\/1954\/revisions"}],"predecessor-version":[{"id":1957,"href":"https:\/\/rosalindmasson.com\/de\/wp-json\/wp\/v2\/pages\/1954\/revisions\/1957"}],"wp:attachment":[{"href":"https:\/\/rosalindmasson.com\/de\/wp-json\/wp\/v2\/media?parent=1954"}],"curies":[{"name":"wp","href":"https:\/\/api.w.org\/{rel}","templated":true}]}}