{"id":1931,"date":"2024-03-27T11:56:59","date_gmt":"2024-03-27T11:56:59","guid":{"rendered":"https:\/\/rosalindmasson.com\/zwischen\/"},"modified":"2024-04-13T08:23:54","modified_gmt":"2024-04-13T08:23:54","slug":"zwischen","status":"publish","type":"page","link":"https:\/\/rosalindmasson.com\/de\/zwischen\/","title":{"rendered":"Zwischen"},"content":{"rendered":"\n<p><span class=\"s1\">Der Anfang und das Ende sind Punkte im Raum; die Reise, der Raum und die dazwischen liegende Zeit, werden zur Leinwand.  <\/span>Ein Mensch beginnt eine Reise. Sie zeichnen Karten nach, die sie durch ihren K\u00f6rper und in der Zeit zur\u00fcckgelegt haben. Wenn sie von einem anderen getroffen wird, spiegelt sie diese Welt, wie sie sich entfaltet. Wege kreuzen sich und existieren gleichzeitig. Entfaltung und dann Bewohnen einer nomadischen Existenz; Finden der Konsequenz zwischen dem, was ist und was nicht ist.<\/p>\n\n<p><span class=\"s1\">  In &#8222;Between&#8220; wird der erz\u00e4hlerische Aspekt reduziert und der Fokus auf K\u00f6rper, Klang und Raum verst\u00e4rkt. Dies wird durch sehr subtile Ver\u00e4nderungen des Bewegungsinhalts, des Ausdrucks und der Klangtextur erreicht. Die Choreografie entstand aus Bildern von Menschen in st\u00e4dtischen Landschaften sowie aus Reaktionen auf akustische Umgebungen, die sich in der Musik widerspiegeln. Die Performerinnen und Performer sollen zu Vehikeln werden, durch die das Publikum ihre K\u00f6rperlichkeit erfahren und f\u00fcr das, was dazwischen liegen kann, sensibilisiert werden kann. Eine Reise mit langen und kurzen Wegen, bei der der Weg dorthin und der Weg dorthin mehr Wert hat als das endg\u00fcltige Ziel.<\/span><\/p>\n <p>Wenn Masson durch ihre k\u00f6rperlich intelligenten Darsteller sprach, waren wir mit ihrem Fl\u00fcstern verbunden&#8220; &#8211; <em>Marianne Tuckman 20\/2\/15<\/em><\/p>\n\n<p>Die Begegnungen, die Rosalind Masson in ihrem Duett Between initiiert, erinnern an Wege, die sich ungewollt kreuzen und doch &#8211; wie bei der \u00dcbertragung von Bewegungsmotiven &#8211; die vorbeiziehenden Fremden pr\u00e4gen. Masson und Maria Giulia Serantoni bringen eine sch\u00f6n individuelle Dynamik in Massons Vokabular aus geschwungenen Dehnungen, Vertiefungen und geschmeidigen Armbewegungen. Auch ohne direkten Kontakt sp\u00fcrt man Verbindungen.&#8216; &#8211;  &gt;<em>Mary Brennan , Tanzkritikerin, The Herald 5 Jun 2016  <\/em><\/p>\n\n<figure class=\"wp-block-image\"><a href=\"https:\/\/vimeo.com\/121237551\" target=\"_blank\" rel=\"noopener\"><img decoding=\"async\" src=\"https:\/\/rosalindmasson.com\/wp-content\/uploads\/2018\/05\/rmb_6404_lo.jpg?w=1024\" alt=\"RMB_6404_lo\" class=\"wp-image-181\"\/><\/a><\/figure>\n\n<figure class=\"wp-block-image\"><a href=\"https:\/\/vimeo.com\/121237551\" target=\"_blank\" rel=\"noopener\"><img decoding=\"async\" src=\"https:\/\/rosalindmasson.com\/wp-content\/uploads\/2018\/05\/rmb_6520_lo.jpg?w=1024\" alt=\"RMB_6520_lo\" class=\"wp-image-183\"\/><\/a><\/figure>\n\n<figure class=\"wp-block-image\"><a href=\"https:\/\/vimeo.com\/121237551\"><img decoding=\"async\" src=\"https:\/\/rosalindmasson.com\/wp-content\/uploads\/2018\/05\/rmb_6591_lo.jpg?w=1024\" alt=\"RMB_6591_lo\" class=\"wp-image-185\"\/><\/a><\/figure>\n\n<p>Fotos von Brian Hartley<\/p>\n","protected":false},"excerpt":{"rendered":"<p>Der Anfang und das Ende sind Punkte im Raum; die Reise, der Raum und die dazwischen liegende Zeit, werden zur Leinwand. Ein Mensch beginnt eine Reise. Sie zeichnen Karten nach, die sie durch ihren K\u00f6rper und in der Zeit zur\u00fcckgelegt haben. Wenn sie von einem anderen getroffen wird, spiegelt sie diese Welt, wie sie sich&hellip;&nbsp;<a href=\"https:\/\/rosalindmasson.com\/de\/zwischen\/\" rel=\"bookmark\">Weiterlesen &raquo;<span class=\"screen-reader-text\">Zwischen<\/span><\/a><\/p>\n","protected":false},"author":1,"featured_media":0,"parent":0,"menu_order":0,"comment_status":"closed","ping_status":"closed","template":"","meta":{"neve_meta_sidebar":"","neve_meta_container":"","neve_meta_enable_content_width":"","neve_meta_content_width":0,"neve_meta_title_alignment":"","neve_meta_author_avatar":"","neve_post_elements_order":"","neve_meta_disable_header":"","neve_meta_disable_footer":"","neve_meta_disable_title":"","footnotes":""},"class_list":["post-1931","page","type-page","status-publish","hentry"],"_links":{"self":[{"href":"https:\/\/rosalindmasson.com\/de\/wp-json\/wp\/v2\/pages\/1931","targetHints":{"allow":["GET"]}}],"collection":[{"href":"https:\/\/rosalindmasson.com\/de\/wp-json\/wp\/v2\/pages"}],"about":[{"href":"https:\/\/rosalindmasson.com\/de\/wp-json\/wp\/v2\/types\/page"}],"author":[{"embeddable":true,"href":"https:\/\/rosalindmasson.com\/de\/wp-json\/wp\/v2\/users\/1"}],"replies":[{"embeddable":true,"href":"https:\/\/rosalindmasson.com\/de\/wp-json\/wp\/v2\/comments?post=1931"}],"version-history":[{"count":1,"href":"https:\/\/rosalindmasson.com\/de\/wp-json\/wp\/v2\/pages\/1931\/revisions"}],"predecessor-version":[{"id":1932,"href":"https:\/\/rosalindmasson.com\/de\/wp-json\/wp\/v2\/pages\/1931\/revisions\/1932"}],"wp:attachment":[{"href":"https:\/\/rosalindmasson.com\/de\/wp-json\/wp\/v2\/media?parent=1931"}],"curies":[{"name":"wp","href":"https:\/\/api.w.org\/{rel}","templated":true}]}}