{"id":1924,"date":"2024-03-27T12:31:37","date_gmt":"2024-03-27T12:31:37","guid":{"rendered":"https:\/\/rosalindmasson.com\/eden-besetzen\/"},"modified":"2024-04-13T08:23:52","modified_gmt":"2024-04-13T08:23:52","slug":"eden-besetzen","status":"publish","type":"page","link":"https:\/\/rosalindmasson.com\/de\/eden-besetzen\/","title":{"rendered":"Eden besetzen"},"content":{"rendered":"\n<p>&#8222;Occupying Eden&#8220; ist eine spezies\u00fcbergreifende Performance, in der ein imagin\u00e4res \u00f6kologisches Paradies miterschaffen wird. Gef\u00fchrte somatische Sitzungen laden das Publikum ein, sich mit den Pflanzen \u00fcber ihre Sinne zu verbinden und stimmen auf die Auff\u00fchrung der vegetativen Choreografie ein. Das Werk, das teilweise im Freien spielt, zeigt verschiedene Substrate der Vorstellung von Garten, die untrennbar mit einem wei\u00dfen, westlichen Paradigma verbunden sind, und versucht, diesen Rahmen zu kompostieren. Durch von Pflanzen inspirierte Prozesse wie Best\u00e4ubung, Symbiose und Verfall verwandeln sich die Arbeiter und Moderatoren von Occupying Eden k\u00f6rperlich &#8211; und legen dabei Schichten ihres Selbst frei &#8211; in dem Versuch, die physischen R\u00e4nder unserer Beziehung zu Pflanzen zu erforschen. Vom G\u00e4rtnerproletariat zum Aktivisten, Geschichtenerz\u00e4hler und queeren botanischen Fashionista &#8211; Sol\u00e8ne Weinachter und Fernando Balsera nehmen das Publikum mit auf eine sensorische Reise in Versionen von Eden, begleitet von einem Originalsoundtrack von Jan und Tal Hendrickse. Beeinflusst von Drum and Base, Voguing und einer Feier der nicht-bin\u00e4ren und wechselseitigen Beziehung, die wir mit unseren photosynthetisierenden Verb\u00fcndeten haben: Occupying Eden ist ein Bewegungsst\u00fcck in acht Teilen, das eine Vielzahl menschlicher und nicht-menschlicher Teile enth\u00e4lt. Eine Unterordnung von organischem Material.  <\/p>\n\n<figure class=\"wp-block-gallery has-nested-images columns-default is-cropped wp-block-gallery-1 is-layout-flex wp-block-gallery-is-layout-flex\">\n<figure class=\"wp-block-image size-large\"><a href=\"https:\/\/vimeo.com\/732821717\" target=\"_blank\" rel=\"noreferrer noopener\"><img decoding=\"async\" data-id=\"943\" src=\"https:\/\/rosalindmasson.com\/wp-content\/uploads\/2021\/11\/masson_occupying-eden_jml_web_1-1.jpg?w=1024\" alt=\"\" class=\"wp-image-943\"\/><\/a><\/figure>\n\n\n\n<figure class=\"wp-block-image size-large\"><img decoding=\"async\" data-id=\"955\" src=\"https:\/\/rosalindmasson.com\/wp-content\/uploads\/2021\/11\/masson_occupying-eden_jml_web_14.jpg?w=1024\" alt=\"\" class=\"wp-image-955\"\/><\/figure>\n\n\n\n<figure class=\"wp-block-image size-large\"><img decoding=\"async\" data-id=\"956\" src=\"https:\/\/rosalindmasson.com\/wp-content\/uploads\/2021\/11\/masson_occupying-eden_jml_web_27.jpg?w=1024\" alt=\"\" class=\"wp-image-956\"\/><\/figure>\n\n\n\n<figure class=\"wp-block-image size-large\"><img decoding=\"async\" data-id=\"957\" src=\"https:\/\/rosalindmasson.com\/wp-content\/uploads\/2021\/11\/masson_occupying-eden_jml_web_28.jpg?w=1024\" alt=\"\" class=\"wp-image-957\"\/><\/figure>\n\n\n\n<figure class=\"wp-block-image size-large\"><img decoding=\"async\" data-id=\"958\" src=\"https:\/\/rosalindmasson.com\/wp-content\/uploads\/2021\/11\/masson_occupying-eden_jml_web_37.jpg?w=1024\" alt=\"\" class=\"wp-image-958\"\/><\/figure>\n\n\n\n<figure class=\"wp-block-image size-large\"><img decoding=\"async\" data-id=\"964\" src=\"https:\/\/rosalindmasson.com\/wp-content\/uploads\/2021\/11\/masson_occupying-eden_jml_web_39-1.jpg?w=1024\" alt=\"\" class=\"wp-image-964\"\/><\/figure>\n<figcaption class=\"blocks-gallery-caption wp-element-caption\">Fotos von Jana Mila Lippitz\/TanzPAKT Dresden  <\/figcaption><\/figure>\n\n<p><em>Regie\/Konzept\/Choreografie: <\/em>Rosalind Masson<\/p>\n\n<p><em>Mitarbeitende<\/em>: Sol\u00e8ne Weinachter, Fernando Balsera, Florence Freitag<\/p>\n\n<p><em>Entwurf:<\/em> Chell Young<\/p>\n\n<p><em>Ton:<\/em> Jan &amp; Tal Hendrickse  <\/p>\n\n<p><em>Produktionsassistentin &amp; Kost\u00fcmbildnerin: <\/em>Irina Steinbrecher<\/p>\n\n<p><\/p>\n\n<figure class=\"wp-block-gallery has-nested-images columns-default is-cropped wp-block-gallery-2 is-layout-flex wp-block-gallery-is-layout-flex\">\n<figure class=\"wp-block-image size-thumbnail\"><img decoding=\"async\" data-id=\"988\" src=\"https:\/\/rosalindmasson.com\/wp-content\/uploads\/2021\/11\/creative_scotland_bw-4.png?w=150\" alt=\"\" class=\"wp-image-988\"\/><\/figure>\n\n\n\n<figure class=\"wp-block-image size-thumbnail\"><img decoding=\"async\" data-id=\"983\" src=\"https:\/\/rosalindmasson.com\/wp-content\/uploads\/2021\/11\/00-logo_tpdd-1.png?w=150\" alt=\"\" class=\"wp-image-983\"\/><\/figure>\n\n\n\n<figure class=\"wp-block-image size-thumbnail\"><img decoding=\"async\" data-id=\"985\" src=\"https:\/\/rosalindmasson.com\/wp-content\/uploads\/2021\/11\/01-logo_lhd-1.png?w=150\" alt=\"\" class=\"wp-image-985\"\/><\/figure>\n\n\n\n<figure class=\"wp-block-image size-thumbnail\"><img decoding=\"async\" data-id=\"981\" src=\"https:\/\/rosalindmasson.com\/wp-content\/uploads\/2021\/11\/02-logo_villa_wigman-1.png?w=150\" alt=\"\" class=\"wp-image-981\"\/><\/figure>\n\n\n\n<figure class=\"wp-block-image size-thumbnail\"><img decoding=\"async\" data-id=\"982\" src=\"https:\/\/rosalindmasson.com\/wp-content\/uploads\/2021\/11\/03-logo_hellerau-1.png?w=150\" alt=\"\" class=\"wp-image-982\"\/><\/figure>\n\n\n\n<figure class=\"wp-block-image size-thumbnail\"><img decoding=\"async\" data-id=\"984\" src=\"https:\/\/rosalindmasson.com\/wp-content\/uploads\/2021\/11\/04-logo_tanzpakt-1.png?w=150\" alt=\"\" class=\"wp-image-984\"\/><\/figure>\n\n\n\n<figure class=\"wp-block-image size-thumbnail\"><img decoding=\"async\" data-id=\"986\" src=\"https:\/\/rosalindmasson.com\/wp-content\/uploads\/2021\/11\/05-logo_bkm-1.png?w=150\" alt=\"\" class=\"wp-image-986\"\/><\/figure>\n\n\n\n<figure class=\"wp-block-image size-thumbnail\"><img decoding=\"async\" data-id=\"996\" src=\"https:\/\/rosalindmasson.com\/wp-content\/uploads\/2021\/11\/369.0.jpg?w=150\" alt=\"\" class=\"wp-image-996\"\/><\/figure>\n\n\n\n<figure class=\"wp-block-image size-thumbnail\"><img decoding=\"async\" data-id=\"998\" src=\"https:\/\/rosalindmasson.com\/wp-content\/uploads\/2021\/11\/dancenorth-scotland-logo-black.png?w=150\" alt=\"\" class=\"wp-image-998\"\/><\/figure>\n<\/figure>\n\n<p><\/p>\n\n<figure class=\"wp-block-image size-large is-resized\"><img decoding=\"async\" src=\"https:\/\/rosalindmasson.com\/wp-content\/uploads\/2023\/01\/bkm_neustart_kultur_wortmarke_neg_rgb_rz-1.png?w=1024\" alt=\"\" class=\"wp-image-1047\" style=\"width:147px;height:144px\"\/><\/figure>\n\n<figure class=\"wp-block-image size-large is-resized\"><img decoding=\"async\" src=\"https:\/\/rosalindmasson.com\/wp-content\/uploads\/2023\/01\/dtdlogodrgb.png?w=709\" alt=\"\" class=\"wp-image-1049\" style=\"width:231px;height:116px\"\/><\/figure>\n","protected":false},"excerpt":{"rendered":"<p>&#8222;Occupying Eden&#8220; ist eine spezies\u00fcbergreifende Performance, in der ein imagin\u00e4res \u00f6kologisches Paradies miterschaffen wird. Gef\u00fchrte somatische Sitzungen laden das Publikum ein, sich mit den Pflanzen \u00fcber ihre Sinne zu verbinden und stimmen auf die Auff\u00fchrung der vegetativen Choreografie ein. Das Werk, das teilweise im Freien spielt, zeigt verschiedene Substrate der Vorstellung von Garten, die untrennbar&hellip;&nbsp;<a href=\"https:\/\/rosalindmasson.com\/de\/eden-besetzen\/\" rel=\"bookmark\">Weiterlesen &raquo;<span class=\"screen-reader-text\">Eden besetzen<\/span><\/a><\/p>\n","protected":false},"author":1,"featured_media":0,"parent":0,"menu_order":0,"comment_status":"closed","ping_status":"closed","template":"","meta":{"neve_meta_sidebar":"","neve_meta_container":"","neve_meta_enable_content_width":"","neve_meta_content_width":0,"neve_meta_title_alignment":"","neve_meta_author_avatar":"","neve_post_elements_order":"","neve_meta_disable_header":"","neve_meta_disable_footer":"","neve_meta_disable_title":"","footnotes":""},"class_list":["post-1924","page","type-page","status-publish","hentry"],"_links":{"self":[{"href":"https:\/\/rosalindmasson.com\/de\/wp-json\/wp\/v2\/pages\/1924","targetHints":{"allow":["GET"]}}],"collection":[{"href":"https:\/\/rosalindmasson.com\/de\/wp-json\/wp\/v2\/pages"}],"about":[{"href":"https:\/\/rosalindmasson.com\/de\/wp-json\/wp\/v2\/types\/page"}],"author":[{"embeddable":true,"href":"https:\/\/rosalindmasson.com\/de\/wp-json\/wp\/v2\/users\/1"}],"replies":[{"embeddable":true,"href":"https:\/\/rosalindmasson.com\/de\/wp-json\/wp\/v2\/comments?post=1924"}],"version-history":[{"count":1,"href":"https:\/\/rosalindmasson.com\/de\/wp-json\/wp\/v2\/pages\/1924\/revisions"}],"predecessor-version":[{"id":1927,"href":"https:\/\/rosalindmasson.com\/de\/wp-json\/wp\/v2\/pages\/1924\/revisions\/1927"}],"wp:attachment":[{"href":"https:\/\/rosalindmasson.com\/de\/wp-json\/wp\/v2\/media?parent=1924"}],"curies":[{"name":"wp","href":"https:\/\/api.w.org\/{rel}","templated":true}]}}