{"id":1923,"date":"2024-03-27T12:45:01","date_gmt":"2024-03-27T12:45:01","guid":{"rendered":"https:\/\/rosalindmasson.com\/morph\/"},"modified":"2024-04-13T08:23:52","modified_gmt":"2024-04-13T08:23:52","slug":"morph","status":"publish","type":"page","link":"https:\/\/rosalindmasson.com\/de\/morph\/","title":{"rendered":"MORPH"},"content":{"rendered":"\n<figure class=\"wp-block-image size-large\"><img decoding=\"async\" src=\"https:\/\/rosalindmasson.com\/wp-content\/uploads\/2024\/03\/086-dscf3927.jpg?w=1024\" alt=\"\" class=\"wp-image-1095\"\/><\/figure>\n\n<p>MORPH&#8220; ist der Titel eines Performance-Projekts, das von Rosalind Masson und Moss Benyon Juckes geleitet wird. Eine sympoetische soziale Choreographie durch die Teilnahme an einer Reihe von Anweisungen oder einer &#8222;Partitur&#8220;. Diese kompositorische Struktur l\u00e4dt die Teilnehmer ein, sich auf respektvolle und spielerische Weise durch individuelle Verk\u00f6rperung von Bewegung und Stimme, Mimik und dramaturgische Selbstbearbeitung innerhalb eines kompositorischen Gruppenkontextes zu engagieren. W\u00e4hrend der &#8220;MORPH&#8220;-Partitur werden die Teilnehmer ermutigt, in der Kommunikation mit ihren Mitspielern und dem Publikum in die mehr als menschlichen Aspekte ihrer selbst einzutauchen und mit ihnen zu kommunizieren. Das Vehikel f\u00fcr diese Erkundung ist der K\u00f6rper und die Stimme. Der Parameter der MORPH-Partitur bietet den Raum f\u00fcr eine tiefgreifende Erforschung der physischen und performativen Aspekte des Selbst als Holobiont &#8211; einer Gemeinschaft von Mikroorganismen in einem K\u00f6rper unter anderen K\u00f6rpern, die einem sich st\u00e4ndig ver\u00e4ndernden Paradigma der Evolution von Poly-Spezies in einer kollektiven Umgebung unterliegen.<\/p>\n\n<p>Methodik\/Ausbildung<\/p>\n\n<p>Moss und Rosalind leiten das K\u00f6rpertraining in Verbindung mit dem MORPH-Performance-Projekt f\u00fcr alle Alters- und Leistungsstufen. Unsere Trainingstechnik erm\u00f6glicht es den Teilnehmern, eine Vielzahl von Wechselbeziehungen mit unserem Geist und K\u00f6rper, miteinander, der Umwelt und dem Kosmos zu erkunden. Jede Klasse wird aus den gesammelten experimentellen somatischen und vokalen Methoden sch\u00f6pfen, wie z.B. zeitbasierte \u00dcbungen, Mapping the Body, Qi Gong, Extended Vocal Technique, Release Technique, Consent Games, Fitness Cardio, Contact Plays, Performance Personas. Wir werden verschiedene K\u00f6rperzust\u00e4nde erforschen, indem wir uns der verschiedenen Ebenen bewusst werden: des Zell-, Muskel-, Skelett- und Nervensystems.<\/p>\n\n<figure class=\"wp-block-gallery has-nested-images columns-default is-cropped wp-block-gallery-1 is-layout-flex wp-block-gallery-is-layout-flex\">\n<figure class=\"wp-block-image size-large\"><img decoding=\"async\" data-id=\"1107\" src=\"https:\/\/rosalindmasson.com\/wp-content\/uploads\/2024\/03\/026-dscf3865.jpg?w=1024\" alt=\"\" class=\"wp-image-1107\"\/><\/figure>\n\n\n\n<figure class=\"wp-block-image size-large\"><img decoding=\"async\" data-id=\"1109\" src=\"https:\/\/rosalindmasson.com\/wp-content\/uploads\/2024\/03\/073-dscf3914.jpg?w=1024\" alt=\"\" class=\"wp-image-1109\"\/><\/figure>\n\n\n\n<figure class=\"wp-block-image size-large\"><img decoding=\"async\" data-id=\"1108\" src=\"https:\/\/rosalindmasson.com\/wp-content\/uploads\/2024\/03\/075-dscf3916.jpg?w=1024\" alt=\"\" class=\"wp-image-1108\"\/><\/figure>\n\n\n\n<figure class=\"wp-block-image size-large\"><img decoding=\"async\" data-id=\"1110\" src=\"https:\/\/rosalindmasson.com\/wp-content\/uploads\/2024\/03\/070-dscf3911.jpg?w=1024\" alt=\"\" class=\"wp-image-1110\"\/><\/figure>\n\n\n\n<figure class=\"wp-block-image size-large\"><img decoding=\"async\" data-id=\"1106\" src=\"https:\/\/rosalindmasson.com\/wp-content\/uploads\/2024\/03\/080-dscf3921.jpg?w=1024\" alt=\"\" class=\"wp-image-1106\"\/><\/figure>\n<\/figure>\n\n<p>Fotos von Gleb Kalinin<\/p>\n\n<p><\/p>\n","protected":false},"excerpt":{"rendered":"<p>MORPH&#8220; ist der Titel eines Performance-Projekts, das von Rosalind Masson und Moss Benyon Juckes geleitet wird. Eine sympoetische soziale Choreographie durch die Teilnahme an einer Reihe von Anweisungen oder einer &#8222;Partitur&#8220;. Diese kompositorische Struktur l\u00e4dt die Teilnehmer ein, sich auf respektvolle und spielerische Weise durch individuelle Verk\u00f6rperung von Bewegung und Stimme, Mimik und dramaturgische Selbstbearbeitung&hellip;&nbsp;<a href=\"https:\/\/rosalindmasson.com\/de\/morph\/\" rel=\"bookmark\">Weiterlesen &raquo;<span class=\"screen-reader-text\">MORPH<\/span><\/a><\/p>\n","protected":false},"author":1,"featured_media":0,"parent":0,"menu_order":0,"comment_status":"closed","ping_status":"closed","template":"","meta":{"neve_meta_sidebar":"","neve_meta_container":"","neve_meta_enable_content_width":"","neve_meta_content_width":0,"neve_meta_title_alignment":"","neve_meta_author_avatar":"","neve_post_elements_order":"","neve_meta_disable_header":"","neve_meta_disable_footer":"","neve_meta_disable_title":"","footnotes":""},"class_list":["post-1923","page","type-page","status-publish","hentry"],"_links":{"self":[{"href":"https:\/\/rosalindmasson.com\/de\/wp-json\/wp\/v2\/pages\/1923","targetHints":{"allow":["GET"]}}],"collection":[{"href":"https:\/\/rosalindmasson.com\/de\/wp-json\/wp\/v2\/pages"}],"about":[{"href":"https:\/\/rosalindmasson.com\/de\/wp-json\/wp\/v2\/types\/page"}],"author":[{"embeddable":true,"href":"https:\/\/rosalindmasson.com\/de\/wp-json\/wp\/v2\/users\/1"}],"replies":[{"embeddable":true,"href":"https:\/\/rosalindmasson.com\/de\/wp-json\/wp\/v2\/comments?post=1923"}],"version-history":[{"count":1,"href":"https:\/\/rosalindmasson.com\/de\/wp-json\/wp\/v2\/pages\/1923\/revisions"}],"predecessor-version":[{"id":1925,"href":"https:\/\/rosalindmasson.com\/de\/wp-json\/wp\/v2\/pages\/1923\/revisions\/1925"}],"wp:attachment":[{"href":"https:\/\/rosalindmasson.com\/de\/wp-json\/wp\/v2\/media?parent=1923"}],"curies":[{"name":"wp","href":"https:\/\/api.w.org\/{rel}","templated":true}]}}