{"id":1922,"date":"2024-03-27T12:40:23","date_gmt":"2024-03-27T12:40:23","guid":{"rendered":"https:\/\/rosalindmasson.com\/unsere-ozeane-ertrinken\/"},"modified":"2024-03-27T12:40:23","modified_gmt":"2024-03-27T12:40:23","slug":"unsere-ozeane-ertrinken","status":"publish","type":"page","link":"https:\/\/rosalindmasson.com\/de\/unsere-ozeane-ertrinken\/","title":{"rendered":"Unsere Ozeane ertrinken"},"content":{"rendered":"<p>Our Oceans Are Drowning wurde f\u00fcr das Edinburgh Fringe Festival 2011 mit Unterst\u00fctzung von Dancebase produziert. Inspiriert wurde es durch die aktuellen Umweltprobleme im Zusammenhang mit dem Abschmelzen der Polkappen aufgrund der globalen Erw\u00e4rmung.<\/p>\n<p>Jetzt, in diesem Moment, kann die kleinste Geste die gr\u00f6\u00dfte Wirkung haben. Noch nie waren Informationen so schnell verf\u00fcgbar, und doch ist es m\u00f6glich, dass wir noch nie so aufmerksam waren.<\/p>\n<p>Our Oceans wurde bereits bei Yorkshire Dance, Bodysurf Scotland, The Platform und beim Unfix Festival aufgef\u00fchrt.<\/p>\n<div class=\"page\" title=\"Seite 1\">\n<div class=\"layoutArea\">\n<div class=\"column\">\n<p>Rosalind Masson ist eine junge schottische T\u00e4nzerin, die sich st\u00e4ndig bem\u00fcht, verschiedene Stile, Kontexte und Themen zu erforschen. Our Oceans Are Drowning hat eine visuelle Poesie, eine nachdenkliche Qualit\u00e4t in Massons Bewegung, die ihrer \u00f6kologisch sensiblen Botschaft Subtilit\u00e4t und Eloquenz verleiht. &#8211; Mary Brennan<\/p>\n<p>Massons Stil ist stets elegant: Die Strenge ihrer Botschaft wird durch die Fl\u00fcssigkeit und Finesse ihrer Bewegungen gemildert. Harte Abschnitte der Tonspur &#8211; die von der NASA aufgezeichnete Planetenger\u00e4usche als Techno-Attacke verwendet &#8211; werden durch hektische, sich wiederholende Gesten erg\u00e4nzt. Wie eine Neuinterpretation des Voguing als postmoderner Tanz oder eine neue Version der stilisierten Posen des indischen Tanzes fangen ihre dr\u00e4ngenden Sequenzen die neurotische Aktivit\u00e4t einer Kreatur ein, die sich darauf vorbereitet, ihr eigenes Zuhause zu zerst\u00f6ren. Geschrieben von Gareth K Vile, Di 09 Aug 2011<\/p>\n<p>Fast unmerklich wird eine Ger\u00e4uschkulisse h\u00f6rbar und der K\u00f6rper (T\u00e4nzerin\/Choreografin Rosalind Masson) beginnt sich zu bewegen, scheinbar willk\u00fcrlich, bevor er wieder in die Stille verf\u00e4llt, immer und immer wieder. Masson hat die beneidenswerte F\u00e4higkeit, jede Bewegung so aussehen zu lassen, als geschehe sie organisch, unwillk\u00fcrlich, ohne einen Hauch von Vorfreude auf die n\u00e4chste. Irgendwie gelingt es ihr, mit dem \u00dcbergang vom sporadischen Aufwachen zu chaotischen (im mathematischen Sinne) wirbelnden Bewegungen das unterschwellige Gef\u00fchl des Klimawandels zu vermitteln, das sich im Titel The Oceans are Drowning ank\u00fcndigt. Als das Licht gedimmt wird, leuchten die wei\u00dfen Kaffeetassen, die nun verstreut sind, auf r\u00e4tselhafte Weise &#8230;. Es ist eine ebenso wirkungsvolle wie sch\u00f6ne Verschmelzung von Wissenschaft und Tanz. &#8211; Northings Art Magazine &#8211; Rezension von Jennie Macfie<\/p>\n<\/div>\n<\/div>\n<\/div>\n<p><a href=\"https:\/\/vimeo.com\/49541950\"><img loading=\"lazy\" decoding=\"async\" class=\"alignnone size-full wp-image-204\" src=\"https:\/\/rosalindmasson.com\/wp-content\/uploads\/2018\/03\/cups16-2.jpg\" alt=\"Becher16 2\" width=\"3948\" height=\"2627\"><\/a><\/p>\n<p><img loading=\"lazy\" decoding=\"async\" class=\"alignnone size-full wp-image-205\" src=\"https:\/\/rosalindmasson.com\/wp-content\/uploads\/2018\/03\/cups22-2.jpg\" alt=\"Becher22 2\" width=\"2728\" height=\"1815\"><\/p>\n<figure id=\"attachment_203\" aria-describedby=\"caption-attachment-203\" style=\"width: 2226px\" class=\"wp-caption alignnone\"><img loading=\"lazy\" decoding=\"async\" class=\"alignnone size-full wp-image-203\" src=\"https:\/\/rosalindmasson.com\/wp-content\/uploads\/2018\/03\/cups38-2.jpg\" alt=\"becher38 2.jpg\" width=\"2226\" height=\"3346\"><figcaption id=\"caption-attachment-203\" class=\"wp-caption-text\">Foto: Neil Thomas Douglas<\/figcaption><\/figure>\n","protected":false},"excerpt":{"rendered":"<p>Our Oceans Are Drowning wurde f\u00fcr das Edinburgh Fringe Festival 2011 mit Unterst\u00fctzung von Dancebase produziert. Inspiriert wurde es durch die aktuellen Umweltprobleme im Zusammenhang mit dem Abschmelzen der Polkappen aufgrund der globalen Erw\u00e4rmung. Jetzt, in diesem Moment, kann die kleinste Geste die gr\u00f6\u00dfte Wirkung haben. Noch nie waren Informationen so schnell verf\u00fcgbar, und doch&hellip;&nbsp;<a href=\"https:\/\/rosalindmasson.com\/de\/unsere-ozeane-ertrinken\/\" rel=\"bookmark\">Weiterlesen &raquo;<span class=\"screen-reader-text\">Unsere Ozeane ertrinken<\/span><\/a><\/p>\n","protected":false},"author":1,"featured_media":0,"parent":0,"menu_order":0,"comment_status":"closed","ping_status":"closed","template":"","meta":{"neve_meta_sidebar":"","neve_meta_container":"","neve_meta_enable_content_width":"","neve_meta_content_width":0,"neve_meta_title_alignment":"","neve_meta_author_avatar":"","neve_post_elements_order":"","neve_meta_disable_header":"","neve_meta_disable_footer":"","neve_meta_disable_title":"","footnotes":""},"class_list":["post-1922","page","type-page","status-publish","hentry"],"_links":{"self":[{"href":"https:\/\/rosalindmasson.com\/de\/wp-json\/wp\/v2\/pages\/1922","targetHints":{"allow":["GET"]}}],"collection":[{"href":"https:\/\/rosalindmasson.com\/de\/wp-json\/wp\/v2\/pages"}],"about":[{"href":"https:\/\/rosalindmasson.com\/de\/wp-json\/wp\/v2\/types\/page"}],"author":[{"embeddable":true,"href":"https:\/\/rosalindmasson.com\/de\/wp-json\/wp\/v2\/users\/1"}],"replies":[{"embeddable":true,"href":"https:\/\/rosalindmasson.com\/de\/wp-json\/wp\/v2\/comments?post=1922"}],"version-history":[{"count":0,"href":"https:\/\/rosalindmasson.com\/de\/wp-json\/wp\/v2\/pages\/1922\/revisions"}],"wp:attachment":[{"href":"https:\/\/rosalindmasson.com\/de\/wp-json\/wp\/v2\/media?parent=1922"}],"curies":[{"name":"wp","href":"https:\/\/api.w.org\/{rel}","templated":true}]}}