{"id":1910,"date":"2024-03-27T12:38:45","date_gmt":"2024-03-27T12:38:45","guid":{"rendered":"https:\/\/rosalindmasson.com\/unter-anderem\/"},"modified":"2024-04-13T08:23:48","modified_gmt":"2024-04-13T08:23:48","slug":"unter-anderem","status":"publish","type":"page","link":"https:\/\/rosalindmasson.com\/de\/unter-anderem\/","title":{"rendered":"Unter Anderem"},"content":{"rendered":"\n<p>Unter Anderem &#8211; &#8218;Amongst Others&#8216;<br\/>Eine Produktion von Moving Body\/Moving Image von CCC (choreografisches Kinokollektiv)<br\/>Mini-Dokumentarfilm HD, Farbe, <a>18:22<\/a><br\/>Co-Regie\/Produktion\/Schnitt von: Rosalind Masson &amp; Florence Freitag Kamera: Florence Freitag, Camille Jemelen<br\/>Ton-Mastering: Johannes Plank<br\/>In der Reihenfolge ihres Erscheinens: C\u00f4me Calmelet, Maria Giulia Serantoni, Rosalind Masson, Colas Lucot Renate Graziadei, Arthur St\u00e4ldi, David Hernandez, Keith A. Thompson.<br\/>\u00a9 2018<\/p>\n\n<p class=\"has-text-align-left\">Welche Bedeutung hat die Bewegung?<br\/>Im Jahr 2013 initiierte Laborgras ein langfristiges Forschungsprojekt mit dem Titel &#8222;The Renaissance of&#8230;&#8220;, das den Ort und die Bedeutung von Bewegung in der zeitgen\u00f6ssischen choreografischen und Performance-Praxis untersuchen sollte. Die \u00fcber die letzten f\u00fcnf Jahre durchgef\u00fchrten Untersuchungen wurden in Workshops unter der Leitung von Rebecca Hilton, Keith A. Thompson und David Hernandez durchgef\u00fchrt, an denen K\u00fcnstler, T\u00e4nzer, Choreografen, Denker und die \u00d6ffentlichkeit teilnahmen. Die Forschung wiederum beeinflusste die Entwicklung von vier Werken von Laborgras: Retour (2014); Ambulo Ergo Sum (2015); Silent Confrontation (2016) und Movement Episodes (2017).  <br\/><\/p>\n\n<figure class=\"wp-block-image size-large\"><a class=\"https:\/\/vimeo.com\/293505177\" href=\"https:\/\/vimeo.com\/293505177\" rel=\"https:\/\/vimeo.com\/293505177\"><img decoding=\"async\" src=\"https:\/\/rosalindmasson.com\/wp-content\/uploads\/2018\/03\/movement-episodes_c_phildera_084.jpg?w=683\" alt=\"\" class=\"wp-image-213\"\/><\/a><\/figure>\n","protected":false},"excerpt":{"rendered":"<p>Unter Anderem &#8211; &#8218;Amongst Others&#8216;Eine Produktion von Moving Body\/Moving Image von CCC (choreografisches Kinokollektiv)Mini-Dokumentarfilm HD, Farbe, 18:22Co-Regie\/Produktion\/Schnitt von: Rosalind Masson &amp; Florence Freitag Kamera: Florence Freitag, Camille JemelenTon-Mastering: Johannes PlankIn der Reihenfolge ihres Erscheinens: C\u00f4me Calmelet, Maria Giulia Serantoni, Rosalind Masson, Colas Lucot Renate Graziadei, Arthur St\u00e4ldi, David Hernandez, Keith A. Thompson.\u00a9 2018 Welche Bedeutung&hellip;&nbsp;<a href=\"https:\/\/rosalindmasson.com\/de\/unter-anderem\/\" rel=\"bookmark\">Weiterlesen &raquo;<span class=\"screen-reader-text\">Unter Anderem<\/span><\/a><\/p>\n","protected":false},"author":1,"featured_media":0,"parent":0,"menu_order":0,"comment_status":"closed","ping_status":"closed","template":"","meta":{"neve_meta_sidebar":"","neve_meta_container":"","neve_meta_enable_content_width":"","neve_meta_content_width":0,"neve_meta_title_alignment":"","neve_meta_author_avatar":"","neve_post_elements_order":"","neve_meta_disable_header":"","neve_meta_disable_footer":"","neve_meta_disable_title":"","footnotes":""},"class_list":["post-1910","page","type-page","status-publish","hentry"],"_links":{"self":[{"href":"https:\/\/rosalindmasson.com\/de\/wp-json\/wp\/v2\/pages\/1910","targetHints":{"allow":["GET"]}}],"collection":[{"href":"https:\/\/rosalindmasson.com\/de\/wp-json\/wp\/v2\/pages"}],"about":[{"href":"https:\/\/rosalindmasson.com\/de\/wp-json\/wp\/v2\/types\/page"}],"author":[{"embeddable":true,"href":"https:\/\/rosalindmasson.com\/de\/wp-json\/wp\/v2\/users\/1"}],"replies":[{"embeddable":true,"href":"https:\/\/rosalindmasson.com\/de\/wp-json\/wp\/v2\/comments?post=1910"}],"version-history":[{"count":1,"href":"https:\/\/rosalindmasson.com\/de\/wp-json\/wp\/v2\/pages\/1910\/revisions"}],"predecessor-version":[{"id":1914,"href":"https:\/\/rosalindmasson.com\/de\/wp-json\/wp\/v2\/pages\/1910\/revisions\/1914"}],"wp:attachment":[{"href":"https:\/\/rosalindmasson.com\/de\/wp-json\/wp\/v2\/media?parent=1910"}],"curies":[{"name":"wp","href":"https:\/\/api.w.org\/{rel}","templated":true}]}}