{"id":1909,"date":"2024-03-27T11:51:00","date_gmt":"2024-03-27T11:51:00","guid":{"rendered":"https:\/\/rosalindmasson.com\/vor-den-worten-mus-robh-faclan-an\/"},"modified":"2024-04-13T08:23:48","modified_gmt":"2024-04-13T08:23:48","slug":"vor-den-worten-mus-robh-faclan-an","status":"publish","type":"page","link":"https:\/\/rosalindmasson.com\/de\/vor-den-worten-mus-robh-faclan-an\/","title":{"rendered":"Vor den Worten \/ Mus Robh Faclan An"},"content":{"rendered":"\n<p>Mus Ro Faclan Ann oder Before Words ist der Titel einer Tanzperformance, die von der Landschaft, der Sprache und der Kultur der \u00c4u\u00dferen Hebriden, insbesondere von Uibhist a Deas \/South Uist, beeinflusst ist. Die Arbeit umfasst die Erforschung und Entwicklung von Choreografie und Sound \u00fcber einen Zeitraum von sechs Jahren, wobei ein Teil der Zeit als Residenz auf Uist verbracht wurde. Die Wurzel des Wortes Choreografie stammt aus dem Griechischen: khoreia (Chor oder Truppe von T\u00e4nzern) und graphein (schreiben). Mus Ro Faclan Ann ist ein Versuch, eine Bewegung zu schreiben oder aufzuzeichnen, die im Dialog mit einem Volk und einem Ort steht. Was kann eine g\u00e4lische Lesart der Landschaft offenbaren, was sonst verborgen bleibt? Wie kann der K\u00f6rper als Medium f\u00fcr das dienen, was sonst nicht in Worte gefasst werden kann?<\/p>\n\n<p>Mus Ro Faclan Ann wurde mit Unterst\u00fctzung von Ce\u00f2las und Dancehouse ins Leben gerufen und hat viele K\u00fcnstler in seine Entwicklung einbezogen. Durch Aufenthalte im Tramway Workroom und in der Dancebase wurden die Choreografie und der Sound entwickelt. Mit Unterst\u00fctzung von Bodysurf Scotland\/Dance North, Dancebase, The Workroom und Touring Network wird das St\u00fcck im April 2019 fertiggestellt. Bitte klicken Sie auf die verschiedenen Bilder, um die choreografische\/visuelle\/klangliche Forschung hinter dem Werk zu sehen und sich \u00fcber das Projekt auf dem Laufenden zu halten.<\/p>\n\n<figure class=\"wp-block-image\"><a href=\"https:\/\/vimeo.com\/209011276\" target=\"_blank\" rel=\"noopener\"><img decoding=\"async\" src=\"https:\/\/rosalindmasson.com\/wp-content\/uploads\/2018\/02\/rm_6129_lo.jpg\" alt=\"\" class=\"wp-image-57\"\/><\/a><\/figure>\n\n<figure class=\"wp-block-image\"><a href=\"https:\/\/vimeo.com\/277086327\" target=\"_blank\" rel=\"noopener\"><img decoding=\"async\" src=\"https:\/\/rosalindmasson.com\/wp-content\/uploads\/2018\/02\/rm_6107_lo.jpg\" alt=\"Rosalind Masson, Stra&#xDF;enbahn, 18. M&#xE4;rz 2016\" class=\"wp-image-56\"\/><\/a><\/figure>\n\n<figure class=\"wp-block-image alignnone\"><a href=\"https:\/\/vimeo.com\/267201361\" rel=\"noopener\"><img decoding=\"async\" src=\"https:\/\/rosalindmasson.com\/wp-content\/uploads\/2018\/02\/rm_6189_lo.jpg\" alt=\"Rosalind Masson, Stra&#xDF;enbahn, 18. M&#xE4;rz 2016\" class=\"wp-image-60\"\/><\/a><figcaption class=\"wp-element-caption\">Fotos von Brian Hartley<\/figcaption><\/figure>\n","protected":false},"excerpt":{"rendered":"<p>Mus Ro Faclan Ann oder Before Words ist der Titel einer Tanzperformance, die von der Landschaft, der Sprache und der Kultur der \u00c4u\u00dferen Hebriden, insbesondere von Uibhist a Deas \/South Uist, beeinflusst ist. Die Arbeit umfasst die Erforschung und Entwicklung von Choreografie und Sound \u00fcber einen Zeitraum von sechs Jahren, wobei ein Teil der Zeit&hellip;&nbsp;<a href=\"https:\/\/rosalindmasson.com\/de\/vor-den-worten-mus-robh-faclan-an\/\" rel=\"bookmark\">Weiterlesen &raquo;<span class=\"screen-reader-text\">Vor den Worten \/ Mus Robh Faclan An<\/span><\/a><\/p>\n","protected":false},"author":1,"featured_media":0,"parent":0,"menu_order":0,"comment_status":"closed","ping_status":"closed","template":"","meta":{"neve_meta_sidebar":"","neve_meta_container":"","neve_meta_enable_content_width":"","neve_meta_content_width":0,"neve_meta_title_alignment":"","neve_meta_author_avatar":"","neve_post_elements_order":"","neve_meta_disable_header":"","neve_meta_disable_footer":"","neve_meta_disable_title":"","footnotes":""},"class_list":["post-1909","page","type-page","status-publish","hentry"],"_links":{"self":[{"href":"https:\/\/rosalindmasson.com\/de\/wp-json\/wp\/v2\/pages\/1909","targetHints":{"allow":["GET"]}}],"collection":[{"href":"https:\/\/rosalindmasson.com\/de\/wp-json\/wp\/v2\/pages"}],"about":[{"href":"https:\/\/rosalindmasson.com\/de\/wp-json\/wp\/v2\/types\/page"}],"author":[{"embeddable":true,"href":"https:\/\/rosalindmasson.com\/de\/wp-json\/wp\/v2\/users\/1"}],"replies":[{"embeddable":true,"href":"https:\/\/rosalindmasson.com\/de\/wp-json\/wp\/v2\/comments?post=1909"}],"version-history":[{"count":1,"href":"https:\/\/rosalindmasson.com\/de\/wp-json\/wp\/v2\/pages\/1909\/revisions"}],"predecessor-version":[{"id":1913,"href":"https:\/\/rosalindmasson.com\/de\/wp-json\/wp\/v2\/pages\/1909\/revisions\/1913"}],"wp:attachment":[{"href":"https:\/\/rosalindmasson.com\/de\/wp-json\/wp\/v2\/media?parent=1909"}],"curies":[{"name":"wp","href":"https:\/\/api.w.org\/{rel}","templated":true}]}}