{"id":1908,"date":"2024-03-27T10:23:42","date_gmt":"2024-03-27T10:23:42","guid":{"rendered":"https:\/\/rosalindmasson.com\/datenschutzbestimmungen\/"},"modified":"2024-04-13T08:23:48","modified_gmt":"2024-04-13T08:23:48","slug":"datenschutzbestimmungen","status":"publish","type":"page","link":"https:\/\/rosalindmasson.com\/de\/datenschutzbestimmungen\/","title":{"rendered":"Datenschutzbestimmungen"},"content":{"rendered":"\n<p>Diese Website ist Eigentum von Rosalind Masson. Meine Kontaktdaten finden Sie hier: <a href=\"https:\/\/rosalindmasson.com\/de\/kontakt\/\" data-type=\"page\" data-id=\"788\">Kontakt<\/a><\/p>\n\n<p>Die einzigen Daten, die diese Website von Ihnen erhebt, sind Ihre IP-Adresse (ein numerischer Code, der einem bestimmten Ger\u00e4t in einem bestimmten Netz zugeordnet ist). So kann ich \u00fcberwachen, wie viel Verkehr die Website erh\u00e4lt. Diese Daten werden nicht gespeichert und nicht weitergegeben.<\/p>\n\n<p>Ein Cookie wird in Ihrem Browser platziert, um diese Daten zu sammeln, und ein weiteres Cookie wird platziert, um Ihre Pr\u00e4ferenzen in Bezug auf Cookies zu speichern. Dies sind Sitzungscookies, die verfallen, wenn Sie Ihren Browser schlie\u00dfen.<\/p>\n\n<p>Einige Seiten auf dieser Website enthalten eingebettete Inhalte, haupts\u00e4chlich Videos von Vimeo. Eingebettete Inhalte von diesen Websites verhalten sich so, als h\u00e4tten Sie diese Websites direkt besucht, d. h. sie k\u00f6nnen Daten \u00fcber Sie sammeln, Cookies verwenden, zus\u00e4tzliche Trackingfunktionen von Drittanbietern einbetten und Ihre Interaktion mit diesen eingebetteten Inhalten \u00fcberwachen, einschlie\u00dflich der Verfolgung Ihrer Interaktion mit den eingebetteten Inhalten, wenn Sie ein Konto haben und auf dieser Website angemeldet sind. Vimeo legt zum Beispiel ein Cookie in Ihrem Browser ab, wenn Sie eine Seite mit eingebetteten Vimeo-Videos besuchen. Es handelt sich um ein dauerhaftes Cookie, das zwei Jahre lang g\u00fcltig ist, es sei denn, Sie l\u00f6schen Ihre Cookies in Ihrem Browser, was Sie jederzeit tun k\u00f6nnen.<\/p>\n","protected":false},"excerpt":{"rendered":"<p>Diese Website ist Eigentum von Rosalind Masson. Meine Kontaktdaten finden Sie hier: Kontakt Die einzigen Daten, die diese Website von Ihnen erhebt, sind Ihre IP-Adresse (ein numerischer Code, der einem bestimmten Ger\u00e4t in einem bestimmten Netz zugeordnet ist). So kann ich \u00fcberwachen, wie viel Verkehr die Website erh\u00e4lt. Diese Daten werden nicht gespeichert und nicht&hellip;&nbsp;<a href=\"https:\/\/rosalindmasson.com\/de\/datenschutzbestimmungen\/\" rel=\"bookmark\">Weiterlesen &raquo;<span class=\"screen-reader-text\">Datenschutzbestimmungen<\/span><\/a><\/p>\n","protected":false},"author":1,"featured_media":0,"parent":0,"menu_order":0,"comment_status":"closed","ping_status":"open","template":"","meta":{"neve_meta_sidebar":"","neve_meta_container":"","neve_meta_enable_content_width":"","neve_meta_content_width":0,"neve_meta_title_alignment":"","neve_meta_author_avatar":"","neve_post_elements_order":"","neve_meta_disable_header":"","neve_meta_disable_footer":"","neve_meta_disable_title":"","footnotes":""},"class_list":["post-1908","page","type-page","status-publish","hentry"],"_links":{"self":[{"href":"https:\/\/rosalindmasson.com\/de\/wp-json\/wp\/v2\/pages\/1908","targetHints":{"allow":["GET"]}}],"collection":[{"href":"https:\/\/rosalindmasson.com\/de\/wp-json\/wp\/v2\/pages"}],"about":[{"href":"https:\/\/rosalindmasson.com\/de\/wp-json\/wp\/v2\/types\/page"}],"author":[{"embeddable":true,"href":"https:\/\/rosalindmasson.com\/de\/wp-json\/wp\/v2\/users\/1"}],"replies":[{"embeddable":true,"href":"https:\/\/rosalindmasson.com\/de\/wp-json\/wp\/v2\/comments?post=1908"}],"version-history":[{"count":1,"href":"https:\/\/rosalindmasson.com\/de\/wp-json\/wp\/v2\/pages\/1908\/revisions"}],"predecessor-version":[{"id":1915,"href":"https:\/\/rosalindmasson.com\/de\/wp-json\/wp\/v2\/pages\/1908\/revisions\/1915"}],"wp:attachment":[{"href":"https:\/\/rosalindmasson.com\/de\/wp-json\/wp\/v2\/media?parent=1908"}],"curies":[{"name":"wp","href":"https:\/\/api.w.org\/{rel}","templated":true}]}}