{"id":1905,"date":"2024-03-27T12:37:33","date_gmt":"2024-03-27T12:37:33","guid":{"rendered":"https:\/\/rosalindmasson.com\/no-mans-land\/"},"modified":"2024-04-13T08:23:48","modified_gmt":"2024-04-13T08:23:48","slug":"no-mans-land","status":"publish","type":"page","link":"https:\/\/rosalindmasson.com\/de\/no-mans-land\/","title":{"rendered":"No Man&#8217;s Land"},"content":{"rendered":"\n<p>In diesem Solost\u00fcck geht die Choreografin und T\u00e4nzerin Rosalind Masson den Fragen nach der Entstehung des Selbst nach. Wenn unser Selbst zum Teil aus einer Vielzahl von Erfahrungspr\u00e4gungen besteht, was ist dann der Kontext, der diese Pr\u00e4gungen erzeugt und\/oder bestimmt? Indem sie den K\u00f6rper als Ort des Konflikts zwischen \u00e4u\u00dferem und innerem Raum nutzt, erforscht sie das Niemandsland zwischen Druck und Abdruck, Gef\u00e4\u00df und Leere, Form und Inhalt, das unser menschliches Leben ausmacht. Damit versucht sie, jenen Eindr\u00fccken eine Stimme zu geben, die in unserer anthropozentrischen Welt und politischen Landschaft eher negiert, unterdr\u00fcckt oder ausgebeutet werden.  <\/p>\n\n<p>Rezension: <a href=\"https:\/\/www.heraldscotland.com\/arts_ents\/17716020.dance-no-mans-land-cca-glasgow-mary-brennanfour-stars\/\">https:\/\/www.heraldscotland.com\/arts_ents\/17716020.dance-no-mans-land-cca-glasgow-mary-brennanfour-stars\/<\/a><\/p>\n\n<p>Diese Arbeit wird unterst\u00fctzt von The Workroom, Dancebase, the Tramway, CCA Glasgow, Gerhard Hauptmann Theatre Goerlitz und Dance North<\/p>\n\n<figure class=\"wp-block-image\"><a href=\"https:\/\/vimeo.com\/336426139\"><img decoding=\"async\" src=\"https:\/\/rosalindmasson.com\/wp-content\/uploads\/2019\/03\/img_9207.jpg\" alt=\"\" class=\"wp-image-491\"\/><\/a><figcaption class=\"wp-element-caption\">Foto von Michaela Gerussi<br\/><br\/><\/figcaption><\/figure>\n\n<figure class=\"wp-block-gallery has-nested-images columns-default is-cropped wp-block-gallery-1 is-layout-flex wp-block-gallery-is-layout-flex\">\n<figure class=\"wp-block-image size-large\"><img decoding=\"async\" data-id=\"512\" src=\"https:\/\/rosalindmasson.com\/wp-content\/uploads\/2019\/06\/no-mans-land-24.jpg\" alt=\"\" class=\"wp-image-512\"\/><\/figure>\n\n\n\n<figure class=\"wp-block-image size-large\"><img decoding=\"async\" data-id=\"513\" src=\"https:\/\/rosalindmasson.com\/wp-content\/uploads\/2019\/06\/no-mans-land-1.jpg\" alt=\"\" class=\"wp-image-513\"\/><\/figure>\n\n\n\n<figure class=\"wp-block-image size-large\"><img decoding=\"async\" data-id=\"514\" src=\"https:\/\/rosalindmasson.com\/wp-content\/uploads\/2019\/06\/no-mans-land-16.jpg\" alt=\"\" class=\"wp-image-514\"\/><\/figure>\n\n\n\n<figure class=\"wp-block-image size-large\"><img decoding=\"async\" data-id=\"515\" src=\"https:\/\/rosalindmasson.com\/wp-content\/uploads\/2019\/06\/no-mans-land-18.jpg\" alt=\"\" class=\"wp-image-515\"\/><\/figure>\n<\/figure>\n\n<p>Fotos von Beth Chalmers<\/p>\n","protected":false},"excerpt":{"rendered":"<p>In diesem Solost\u00fcck geht die Choreografin und T\u00e4nzerin Rosalind Masson den Fragen nach der Entstehung des Selbst nach. Wenn unser Selbst zum Teil aus einer Vielzahl von Erfahrungspr\u00e4gungen besteht, was ist dann der Kontext, der diese Pr\u00e4gungen erzeugt und\/oder bestimmt? Indem sie den K\u00f6rper als Ort des Konflikts zwischen \u00e4u\u00dferem und innerem Raum nutzt, erforscht&hellip;&nbsp;<a href=\"https:\/\/rosalindmasson.com\/de\/no-mans-land\/\" rel=\"bookmark\">Weiterlesen &raquo;<span class=\"screen-reader-text\">No Man&#8217;s Land<\/span><\/a><\/p>\n","protected":false},"author":1,"featured_media":0,"parent":0,"menu_order":0,"comment_status":"closed","ping_status":"closed","template":"","meta":{"neve_meta_sidebar":"","neve_meta_container":"","neve_meta_enable_content_width":"","neve_meta_content_width":0,"neve_meta_title_alignment":"","neve_meta_author_avatar":"","neve_post_elements_order":"","neve_meta_disable_header":"","neve_meta_disable_footer":"","neve_meta_disable_title":"","footnotes":""},"class_list":["post-1905","page","type-page","status-publish","hentry"],"_links":{"self":[{"href":"https:\/\/rosalindmasson.com\/de\/wp-json\/wp\/v2\/pages\/1905","targetHints":{"allow":["GET"]}}],"collection":[{"href":"https:\/\/rosalindmasson.com\/de\/wp-json\/wp\/v2\/pages"}],"about":[{"href":"https:\/\/rosalindmasson.com\/de\/wp-json\/wp\/v2\/types\/page"}],"author":[{"embeddable":true,"href":"https:\/\/rosalindmasson.com\/de\/wp-json\/wp\/v2\/users\/1"}],"replies":[{"embeddable":true,"href":"https:\/\/rosalindmasson.com\/de\/wp-json\/wp\/v2\/comments?post=1905"}],"version-history":[{"count":1,"href":"https:\/\/rosalindmasson.com\/de\/wp-json\/wp\/v2\/pages\/1905\/revisions"}],"predecessor-version":[{"id":1911,"href":"https:\/\/rosalindmasson.com\/de\/wp-json\/wp\/v2\/pages\/1905\/revisions\/1911"}],"wp:attachment":[{"href":"https:\/\/rosalindmasson.com\/de\/wp-json\/wp\/v2\/media?parent=1905"}],"curies":[{"name":"wp","href":"https:\/\/api.w.org\/{rel}","templated":true}]}}