{"id":1904,"date":"2017-12-31T11:01:25","date_gmt":"2017-12-31T11:01:25","guid":{"rendered":"https:\/\/rosalindmasson.com\/bio-cv\/"},"modified":"2026-01-22T12:05:09","modified_gmt":"2026-01-22T12:05:09","slug":"bio-cv","status":"publish","type":"page","link":"https:\/\/rosalindmasson.com\/de\/bio-cv\/","title":{"rendered":"Biographie"},"content":{"rendered":"\n<p><strong>Rosalind Masson<\/strong> ist T\u00e4nzerin, Choreografin und Somatikerin. Sie nutzt den K\u00f6rper als Ausgangspunkt f\u00fcr die Erforschung und Reflexion des materiellen Wandels in Bezug auf kulturelle und \u00f6kologische Transformationen im Laufe der Zeit. Sie interessiert sich daf\u00fcr, wie die Zusammenarbeit \u00fcber Materialit\u00e4ten und Disziplinen hinweg einen Dialog \u00fcber Verk\u00f6rperung und Transformation er\u00f6ffnen kann. In ihrer Forschungs- und Performancearbeit hinterfragt sie die Auswirkungen und Anwendungen von Embodiment in Bezug auf Kultur, Gesellschaft und Umwelt. Seit 2010 produziert und performt sie ihre eigene Arbeit unter dem Titel Anima(l)us in Gro\u00dfbritannien, den USA und Deutschland. Sie wurde von Creative Scotland, Fonds Darstellende Kunst und Tanzpakt gef\u00f6rdert und erhielt Koproduktionsunterst\u00fctzung von Veranstaltungsorten wie Hellerau (DE) und Tramway (UK). F\u00fcr ihre choreografische Recherche erhielt sie zweimal das Dis-Tanz-Solo Stipendium des Dachverbands Tanz sowie das #Take Heart Residency Stipendium von NEU START KULTUR. Sie arbeitet seit \u00fcber zehn Jahren als T\u00e4nzerin bei laborgras und ist Gr\u00fcndungsmitglied des Neisse Centre for Contemporary Art e.V. Sie unterrichtet Contact Improvisation sowie zeitgen\u00f6ssischen Tanz und Yoga f\u00fcr Kinder, Erwachsene und Profis. Neben ihrer eigenen Arbeit kuratiert und f\u00f6rdert sie die Arbeit anderer K\u00fcnstler in Form von Mentoring, der Organisation von interdisziplin\u00e4ren Plattformen und der Unterst\u00fctzung von Tanznetzwerken an der Basis. Sie hat medien\u00fcbergreifend in den Bereichen bildende Kunst, Rock, Pop und Volksmusik zusammengearbeitet. Sie hat einen BA(hons) in zeitgen\u00f6ssischem Tanz von der London Contemporary Dance School, einen MSc in Medienkunst und Bildgebung vom Duncan of Jordanstone College of Art and Design und ist eine von der Yoga Alliance zertifizierte Yogalehrerin.  <br\/><\/p>\n\n<p>E-Mail-Adresse: rosalindmasson@gmail.com<\/p>\n\n<div style=\"height:40px\" aria-hidden=\"true\" class=\"wp-block-spacer\"><\/div>\n","protected":false},"excerpt":{"rendered":"<p>Rosalind Masson ist T\u00e4nzerin, Choreografin und Somatikerin. Sie nutzt den K\u00f6rper als Ausgangspunkt f\u00fcr die Erforschung und Reflexion des materiellen Wandels in Bezug auf kulturelle und \u00f6kologische Transformationen im Laufe der Zeit. Sie interessiert sich daf\u00fcr, wie die Zusammenarbeit \u00fcber Materialit\u00e4ten und Disziplinen hinweg einen Dialog \u00fcber Verk\u00f6rperung und Transformation er\u00f6ffnen kann. In ihrer Forschungs-&hellip;&nbsp;<a href=\"https:\/\/rosalindmasson.com\/de\/bio-cv\/\" rel=\"bookmark\">Weiterlesen &raquo;<span class=\"screen-reader-text\">Biographie<\/span><\/a><\/p>\n","protected":false},"author":1,"featured_media":0,"parent":0,"menu_order":2,"comment_status":"closed","ping_status":"closed","template":"","meta":{"neve_meta_sidebar":"","neve_meta_container":"","neve_meta_enable_content_width":"","neve_meta_content_width":0,"neve_meta_title_alignment":"","neve_meta_author_avatar":"","neve_post_elements_order":"","neve_meta_disable_header":"","neve_meta_disable_footer":"","neve_meta_disable_title":"","footnotes":""},"class_list":["post-1904","page","type-page","status-publish","hentry"],"_links":{"self":[{"href":"https:\/\/rosalindmasson.com\/de\/wp-json\/wp\/v2\/pages\/1904","targetHints":{"allow":["GET"]}}],"collection":[{"href":"https:\/\/rosalindmasson.com\/de\/wp-json\/wp\/v2\/pages"}],"about":[{"href":"https:\/\/rosalindmasson.com\/de\/wp-json\/wp\/v2\/types\/page"}],"author":[{"embeddable":true,"href":"https:\/\/rosalindmasson.com\/de\/wp-json\/wp\/v2\/users\/1"}],"replies":[{"embeddable":true,"href":"https:\/\/rosalindmasson.com\/de\/wp-json\/wp\/v2\/comments?post=1904"}],"version-history":[{"count":8,"href":"https:\/\/rosalindmasson.com\/de\/wp-json\/wp\/v2\/pages\/1904\/revisions"}],"predecessor-version":[{"id":2151,"href":"https:\/\/rosalindmasson.com\/de\/wp-json\/wp\/v2\/pages\/1904\/revisions\/2151"}],"wp:attachment":[{"href":"https:\/\/rosalindmasson.com\/de\/wp-json\/wp\/v2\/media?parent=1904"}],"curies":[{"name":"wp","href":"https:\/\/api.w.org\/{rel}","templated":true}]}}